{"id":11,"date":"2022-12-01T16:10:41","date_gmt":"2022-12-01T19:10:41","guid":{"rendered":"https:\/\/sbu-sp.org.br\/mais-q-uro\/?page_id=11"},"modified":"2024-03-09T08:09:37","modified_gmt":"2024-03-09T11:09:37","slug":"home","status":"publish","type":"page","link":"https:\/\/sbu-sp.org.br\/mais-q-uro\/","title":{"rendered":"Turma III &#8211; Programa de Gest\u00e3o de Consult\u00f3rios e Cl\u00ednicas"},"content":{"rendered":"<div class=\"wpb-content-wrapper\"><p>[vc_row css=&#8221;.vc_custom_1669922557518{margin-top: 40px !important;}&#8221;][vc_column][vc_row_inner el_class=&#8221;viewMobile&#8221;][vc_column_inner width=&#8221;1\/3&#8243;][vc_column_text]<\/p>\n<div align=\"center\"><img decoding=\"async\" class=\"size-full wp-image-62 alignleft\" src=\"https:\/\/sbu-sp.org.br\/mais-q-uro\/wp-content\/uploads\/2022\/12\/logo_mais_QUro_2.jpg\" alt=\"\" width=\"120\" \/> \u00a0\u00a0\u00a0 <img decoding=\"async\" class=\"alignnone size-full wp-image-71\" src=\"https:\/\/sbu-sp.org.br\/mais-q-uro\/wp-content\/uploads\/2022\/12\/logo_mais_QUro_2_einstein.png\" alt=\"\" width=\"120\" \/><\/div>\n<p>[\/vc_column_text][\/vc_column_inner][vc_column_inner width=&#8221;2\/3&#8243; css=&#8221;.vc_custom_1670528876916{margin-top: 30px !important;}&#8221;]<h2 class=\"boc_heading  al_left  \"  style=\"margin-bottom: 20px;margin-top: 0px;color: #194e95;\"><span>Turma III &#8211; Programa de Gest\u00e3o de Consult\u00f3rios e Cl\u00ednicas<\/span><\/h2>[\/vc_column_inner][\/vc_row_inner][vc_row_inner el_class=&#8221;viewDesktop&#8221;][vc_column_inner width=&#8221;2\/3&#8243; css=&#8221;.vc_custom_1670528876916{margin-top: 30px !important;}&#8221;]<h2 class=\"boc_heading  al_left  \"  style=\"margin-bottom: 20px;margin-top: 0px;color: #194e95;\"><span>Turma III &#8211; Programa de Gest\u00e3o de Consult\u00f3rios e Cl\u00ednicas<\/span><\/h2>[\/vc_column_inner][vc_column_inner width=&#8221;1\/3&#8243;][vc_column_text]<img decoding=\"async\" class=\"size-full wp-image-71 alignright\" src=\"https:\/\/sbu-sp.org.br\/mais-q-uro\/wp-content\/uploads\/2022\/12\/logo_mais_QUro_2_einstein.png\" alt=\"\" width=\"150\" \/> <img decoding=\"async\" class=\"size-full wp-image-62 alignright\" src=\"https:\/\/sbu-sp.org.br\/mais-q-uro\/wp-content\/uploads\/2022\/12\/logo_mais_QUro_2.jpg\" alt=\"\" width=\"150\" \/>[\/vc_column_text][\/vc_column_inner][\/vc_row_inner]\n\t\t<!--New Tabs-->\n\t\t<div class=\"newtabs clearfix vertical \">\n\t\t\t<ul class=\"resp-tabs-list\">\n\t\t\t<\/ul>\n\t\t\t<div class=\"resp-tabs-container\">\n\t\t<div class=\"single_tab_div\" rel-title=\"Sobre o Curso\" rel-icon=\"\">[vc_row_inner][vc_column_inner width=&#8221;2\/3&#8243;][vc_column_text]<img loading=\"lazy\" decoding=\"async\" class=\"alignnone wp-image-55 size-full\" src=\"https:\/\/sbu-sp.org.br\/mais-q-uro\/wp-content\/uploads\/2022\/12\/mais-q-uro_destaque.jpg\" alt=\"\" width=\"588\" height=\"325\" srcset=\"https:\/\/sbu-sp.org.br\/mais-q-uro\/wp-content\/uploads\/2022\/12\/mais-q-uro_destaque.jpg 588w, https:\/\/sbu-sp.org.br\/mais-q-uro\/wp-content\/uploads\/2022\/12\/mais-q-uro_destaque-300x166.jpg 300w\" sizes=\"auto, (max-width: 588px) 100vw, 588px\" \/>[\/vc_column_text][\/vc_column_inner][vc_column_inner width=&#8221;1\/3&#8243; css=&#8221;.vc_custom_1669975570769{padding-top: 35px !important;padding-right: 40px !important;padding-bottom: 35px !important;padding-left: 40px !important;background-color: #f9f9f9 !important;}&#8221;][vc_column_text css=&#8221;.vc_custom_1706819001389{margin-bottom: 20px !important;}&#8221;]<\/p>\n<div style=\"font-size: 14px;\">\n<p><strong>P\u00fablico-alvo<\/strong><br \/>\nM\u00e9dico, Gestor\/Administrador e Profissionais da sa\u00fade<\/p>\n<p><strong>Investimento:<br \/>\n<\/strong>Associado adimplente: R$ 1.800,00<br \/>\nDemais profissionais: R$ 3.600,00<\/p>\n<p><strong>Vagas:<\/strong> 50<\/p>\n<p><strong>Per\u00edodo:\u00a0<\/strong>09\/03\/2024 a 29\/06\/2024<\/p>\n<\/div>\n<p>[\/vc_column_text][\/vc_column_inner][\/vc_row_inner][vc_row_inner][vc_column_inner][vc_column_text]<\/p>\n<h2>Sobre o curso<\/h2>\n<p>Muitos s\u00e3o os Consult\u00f3rios e Cl\u00ednicas que n\u00e3o possuem uma gest\u00e3o profissional.<\/p>\n<p>Mesmo com excelente forma\u00e7\u00e3o t\u00e9cnica, a falta de tempo ou de conhecimento espec\u00edfico do profissional da sa\u00fade dificulta o bom desempenho de seu papel como gestor.<\/p>\n<p>Capaz de interferir em todos os processos, desde a recep\u00e7\u00e3o do paciente, at\u00e9 o levantamento mensal de indicadores de desempenho, a gest\u00e3o bem feita gera impacto positivo na rela\u00e7\u00e3o com os atuais pacientes e na atra\u00e7\u00e3o de novos, no controle financeiro, na fiscaliza\u00e7\u00e3o de demandas, na rela\u00e7\u00e3o entre funcion\u00e1rios etc.<\/p>\n<p>Como qualquer outro neg\u00f3cio, Consult\u00f3rios e Cl\u00ednicas t\u00eam contas a pagar, a receber e um fluxo de caixa a ser administrado, com o objetivo final de gerar lucro.<\/p>\n<p>Isso significa que o profissional, enquanto gestor, deve acompanhar, avaliar e se posicionar frente aos obst\u00e1culos, em n\u00edvel estrat\u00e9gico, t\u00e9cnico, administrativo e financeiro.<\/p>\n<p>Considerando esse cen\u00e1rio, a Sociedade Brasileira de Urologia-SP, em parceria com o Einstein, desenvolveu o Programa de Gest\u00e3o de Consult\u00f3rios e Cl\u00ednicas, para urologistas, com o objetivo de instrumentaliz\u00e1-los com ferramentas essenciais para a administra\u00e7\u00e3o de seus estabelecimentos.[\/vc_column_text][\/vc_column_inner][\/vc_row_inner]<\/div><div class=\"single_tab_div\" rel-title=\"Objetivo do Curso\" rel-icon=\"\">[vc_column_text]<\/p>\n<h2>Objetivo do Curso<\/h2>\n<p>Desenvolver habilidades que v\u00e3o al\u00e9m das suas compet\u00eancias t\u00e9cnicas na \u00e1rea de atua\u00e7\u00e3o, de modo que sejam tamb\u00e9m gestores de seu pr\u00f3prio neg\u00f3cio.<\/p>\n<p>Aprofundar os estudos da an\u00e1lise financeira e cont\u00e1bil do consult\u00f3rio e\/ou cl\u00ednica , desde o pagamento de contas correntes, at\u00e9 a escolha do melhor modelo de tributa\u00e7\u00e3o.<\/p>\n<p>Entender a legisla\u00e7\u00e3o e os meios envolvidos na prescri\u00e7\u00e3o de medicamentos de alto custo e na judiciaiza\u00e7\u00e3o da sa\u00fade.[\/vc_column_text]<\/div><div class=\"single_tab_div\" rel-title=\"Perfil do Aluno\" rel-icon=\"\">[vc_column_text]<\/p>\n<h2>Perfil do aluno<\/h2>\n<p>O programa destina-se aos profissionais da sa\u00fade que j\u00e1 possuem seu consult\u00f3rio\/cl\u00ednica em atividade e que desejam ampliar seu conhecimento, bem como gestores de outras \u00e1reas que atuem no gerenciamento de cl\u00ednicas e consult\u00f3rios.<\/p>\n<p>Tamb\u00e9m \u00e9 destinado aos profissionais que almejam abrir seu primeiro consult\u00f3rio e querem ter o conhecimento sobre os desafios a serem enfrentados.[\/vc_column_text]<\/div><div class=\"single_tab_div\" rel-title=\"Programa e Metodologia\" rel-icon=\"\">[vc_column_text]<\/p>\n<h2>Programa e Metodologia<\/h2>\n<hr \/>\n<p><strong>M\u00f3dulo 1 &#8211; Gest\u00e3o Financeira do Consult\u00f3rio\/Cl\u00ednica (32h)<\/strong><\/p>\n<p>\u2022 No\u00e7\u00f5es sobre Fluxo de Caixa e An\u00e1lise de Resultados para Cl\u00ednicas e Consult\u00f3rios<br \/>\n\u2022 Planejamento Tribut\u00e1rio: O Contador Resolve Tudo?<br \/>\n\u2022 Planejamento Financeiro: de M\u00e9dico para M\u00e9dico<br \/>\n\u2022 Conv\u00eanios vs Atendimento Particular<br \/>\n\u2022 Co-working ou Aluguel de Sala? Como Analisar Parcerias Saud\u00e1veis?<br \/>\n\u2022 Mesa Redonda &#8211; Mercado da Sa\u00fade: Novos S\u00f3cios, Venda, Capta\u00e7\u00e3o<br \/>\n\u2022 Mesa Redonda &#8211; Capta\u00e7\u00e3o de Recursos e Financiamento para Compra de Aparelhos e Equipamentos<br \/>\n\u2022 Ponto de Equil\u00edbrio, Rentabilidade e Precifica\u00e7\u00e3o de Consultas<br \/>\n\u2022 Rela\u00e7\u00f5es Legais do Exerc\u00edcio Profissional<br \/>\n\u2022 Atividade pr\u00e1tica &#8211; Diagn\u00f3stico\/Planejamento Financeiro do seu Consult\u00f3rio\/Cl\u00ednica<\/p>\n<hr \/>\n<p><strong>M\u00f3dulo 2 &#8211; Desafios Burocr\u00e1ticos da Sa\u00fade (8h)<\/strong><\/p>\n<p>\u2022 Prescri\u00e7\u00f5es de Medicamento de Alto Custo &#8211; no \u00e2mbito do consult\u00f3rio m\u00e9dico<br \/>\n\u2022 Judicializa\u00e7\u00e3o na sa\u00fade &#8211; Acesso ao tratamento.[\/vc_column_text]<\/div><div class=\"single_tab_div\" rel-title=\"Cronograma de Aulas\" rel-icon=\"\">[vc_column_text]On-line &#8211; Transmiss\u00e3o ao Vivo &#8211; 8:00 \u00e0s 17:00h<\/p>\n<div class=\"viewDesktop\">\n<table class=\"fortuna_table\" width=\"100%\">\n<tbody>\n<tr>\n<td width=\"64\">AULA<\/td>\n<td width=\"88\">DATA<\/td>\n<td width=\"76\">HOR\u00c1RIO<\/td>\n<td width=\"64\">CARGA HOR\u00c1RIA<\/td>\n<\/tr>\n<tr>\n<td>Aula 1<\/td>\n<td>09\/03\/2024<\/td>\n<td>08h \u00e0s 17h<\/td>\n<td>8<\/td>\n<\/tr>\n<tr>\n<td>Aula 2<\/td>\n<td>23\/03\/2024<\/td>\n<td>08h \u00e0s 17h<\/td>\n<td>8<\/td>\n<\/tr>\n<tr>\n<td>Aula 3<\/td>\n<td>27\/04\/2024<\/td>\n<td>08h \u00e0s 17h<\/td>\n<td>8<\/td>\n<\/tr>\n<tr>\n<td>Aula 4<\/td>\n<td>25\/05\/2024<\/td>\n<td>08h \u00e0s 17h<\/td>\n<td>8<\/td>\n<\/tr>\n<tr>\n<td>Aula 5<\/td>\n<td>29\/06\/2024<\/td>\n<td>08h \u00e0s 17h<\/td>\n<td>8<\/td>\n<\/tr>\n<\/tbody>\n<\/table>\n<p>Carga hor\u00e1ria total: 40h<\/p>\n<\/div>\n<div class=\"viewMobile\">\n<hr \/>\n<p><strong>Aula 1<\/strong>:<br \/>\n09\/03\/2024 | 08h \u00e0s 17h <em>(8 horas)<\/em><\/p>\n<hr \/>\n<p><strong>Aula 2<\/strong>:<br \/>\n23\/03\/2024 | 08h \u00e0s 17h <em>(8 horas)<\/em><\/p>\n<hr \/>\n<p><strong>Aula 3<\/strong>:<br \/>\n27\/04\/2024 | 08h \u00e0s 17h <em>(8 horas)<\/em><\/p>\n<hr \/>\n<p><strong>Aula 4<\/strong>:<br \/>\n25\/05\/2024 | 08h \u00e0s 17h <em>(8 horas)<\/em><\/p>\n<hr \/>\n<p><strong>Aula 5<\/strong>:<br \/>\n29\/06\/2024 | 08h \u00e0s 17h <em>(8 horas)<\/em><\/p>\n<hr \/>\n<p>Carga hor\u00e1ria total: 40h<\/p>\n<\/div>\n<p>[\/vc_column_text]<\/div><div class=\"single_tab_div\" rel-title=\"Certifica\u00e7\u00e3o\" rel-icon=\"\">[vc_column_text]<\/p>\n<div id=\"diploma\"><img decoding=\"async\" src=\"https:\/\/einsteinbr.vteximg.com.br\/arquivos\/diploma.png?v=636832626794030000\" alt=\"diploma\" \/>Ao final do curso, o aluno receber\u00e1 o certificado de Atualiza\u00e7\u00e3o em Gest\u00e3o de Consult\u00f3rios e Cl\u00ednicas.<\/div>\n<p>[\/vc_column_text]<\/div><\/div>\n\t\t\t\t<\/div>[\/vc_column][\/vc_row]<\/p>\n<\/div>","protected":false},"excerpt":{"rendered":"<p>[vc_row css=&#8221;.vc_custom_1669922557518{margin-top: 40px !important;}&#8221;][vc_column][vc_row_inner el_class=&#8221;viewMobile&#8221;][vc_column_inner width=&#8221;1\/3&#8243;][vc_column_text] \u00a0\u00a0\u00a0 [\/vc_column_text][\/vc_column_inner][vc_column_inner width=&#8221;2\/3&#8243; css=&#8221;.vc_custom_1670528876916{margin-top: 30px !important;}&#8221;][\/vc_column_inner][\/vc_row_inner][vc_row_inner el_class=&#8221;viewDesktop&#8221;][vc_column_inner width=&#8221;2\/3&#8243; css=&#8221;.vc_custom_1670528876916{margin-top: 30px !important;}&#8221;][\/vc_column_inner][vc_column_inner width=&#8221;1\/3&#8243;][vc_column_text] [\/vc_column_text][\/vc_column_inner][\/vc_row_inner][\/vc_column][\/vc_row]<\/p>\n","protected":false},"author":1,"featured_media":0,"parent":0,"menu_order":0,"comment_status":"closed","ping_status":"closed","template":"","meta":{"footnotes":""},"class_list":["post-11","page","type-page","status-publish","hentry"],"_links":{"self":[{"href":"https:\/\/sbu-sp.org.br\/mais-q-uro\/wp-json\/wp\/v2\/pages\/11","targetHints":{"allow":["GET"]}}],"collection":[{"href":"https:\/\/sbu-sp.org.br\/mais-q-uro\/wp-json\/wp\/v2\/pages"}],"about":[{"href":"https:\/\/sbu-sp.org.br\/mais-q-uro\/wp-json\/wp\/v2\/types\/page"}],"author":[{"embeddable":true,"href":"https:\/\/sbu-sp.org.br\/mais-q-uro\/wp-json\/wp\/v2\/users\/1"}],"replies":[{"embeddable":true,"href":"https:\/\/sbu-sp.org.br\/mais-q-uro\/wp-json\/wp\/v2\/comments?post=11"}],"version-history":[{"count":76,"href":"https:\/\/sbu-sp.org.br\/mais-q-uro\/wp-json\/wp\/v2\/pages\/11\/revisions"}],"predecessor-version":[{"id":142,"href":"https:\/\/sbu-sp.org.br\/mais-q-uro\/wp-json\/wp\/v2\/pages\/11\/revisions\/142"}],"wp:attachment":[{"href":"https:\/\/sbu-sp.org.br\/mais-q-uro\/wp-json\/wp\/v2\/media?parent=11"}],"curies":[{"name":"wp","href":"https:\/\/api.w.org\/{rel}","templated":true}]}}