{"id":25680,"date":"2024-01-02T00:46:01","date_gmt":"2024-01-02T03:46:01","guid":{"rendered":"https:\/\/site.sbu-sp.org.br\/medicos\/?page_id=25680"},"modified":"2026-03-12T14:30:29","modified_gmt":"2026-03-12T17:30:29","slug":"institucional-missao","status":"publish","type":"page","link":"https:\/\/sbu-sp.org.br\/medicos\/historia\/institucional-missao\/","title":{"rendered":"Institucional"},"content":{"rendered":"<div class=\"wpb-content-wrapper\"><p>[vc_row full_width=&#8221;stretch_row_content&#8221; css=&#8221;.vc_custom_1713655488779{background-position: center !important;background-repeat: no-repeat !important;background-size: cover !important;}&#8221;][vc_column css=&#8221;.vc_custom_1713655556392{padding-left: 33px !important;}&#8221;][vc_row_inner][vc_column_inner width=&#8221;3\/4&#8243;]<div class=\"boc_spacing \" style=\"height: 13px\"><\/div>[vc_column_text css_animation=&#8221;boc_animate_when_almost_visible boc_fade-in&#8221;]<img decoding=\"async\" class=\"alignnone size-full wp-image-25917\" src=\"https:\/\/sbu-sp.org.br\/medicos\/wp-content\/uploads\/2024\/03\/cabecalho_institucional.png\" alt=\"\" width=\"919\" srcset=\"https:\/\/sbu-sp.org.br\/medicos\/wp-content\/uploads\/2024\/03\/cabecalho_institucional.png 1795w, https:\/\/sbu-sp.org.br\/medicos\/wp-content\/uploads\/2024\/03\/cabecalho_institucional-300x41.png 300w, https:\/\/sbu-sp.org.br\/medicos\/wp-content\/uploads\/2024\/03\/cabecalho_institucional-1024x139.png 1024w, https:\/\/sbu-sp.org.br\/medicos\/wp-content\/uploads\/2024\/03\/cabecalho_institucional-768x104.png 768w, https:\/\/sbu-sp.org.br\/medicos\/wp-content\/uploads\/2024\/03\/cabecalho_institucional-1536x208.png 1536w\" sizes=\"(max-width: 1795px) 100vw, 1795px\" \/>[\/vc_column_text]<div class=\"boc_spacing \" style=\"height: 40px\"><\/div>[vc_column_text css_animation=&#8221;boc_animate_when_almost_visible boc_fade-in&#8221; el_class=&#8221;position&#8221;]<a class=\"zoom\" href=\"https:\/\/sbu-sp.org.br\/medicos\/historia\"><img decoding=\"async\" class=\"alignnone size-full wp-image-26680\" src=\"https:\/\/sbu-sp.org.br\/medicos\/wp-content\/uploads\/2024\/04\/btn_voltar.png\" alt=\"\" width=\"120\" srcset=\"https:\/\/sbu-sp.org.br\/medicos\/wp-content\/uploads\/2024\/04\/btn_voltar.png 396w, https:\/\/sbu-sp.org.br\/medicos\/wp-content\/uploads\/2024\/04\/btn_voltar-300x72.png 300w, https:\/\/sbu-sp.org.br\/medicos\/wp-content\/uploads\/2024\/04\/btn_voltar-391x95.png 391w\" sizes=\"(max-width: 396px) 100vw, 396px\" \/><\/a>[\/vc_column_text][\/vc_column_inner][vc_column_inner width=&#8221;1\/4&#8243;]<div class=\"boc_spacing \" style=\"height: 40px\"><\/div>[vc_column_text css=&#8221;&#8221; css_animation=&#8221;boc_animate_when_almost_visible boc_fade-in&#8221;]<div class=\"asp_w_container asp_w_container_2 asp_w_container_2_1\" data-id=\"2\" data-instance=\"1\"><div class='asp_w asp_m asp_m_2 asp_m_2_1 wpdreams_asp_sc wpdreams_asp_sc-2 ajaxsearchpro asp_main_container asp_non_compact' data-id=\"2\" data-name=\"busca\" data-instance=\"1\" id='ajaxsearchpro2_1'><div class=\"probox\"><div class='prosettings' style='display:none;' data-opened=0><div class='innericon'><svg xmlns=\"http:\/\/www.w3.org\/2000\/svg\" width=\"22\" height=\"22\" viewBox=\"0 0 512 512\"><polygon transform=\"rotate(90 256 256)\" points=\"142.332,104.886 197.48,50 402.5,256 197.48,462 142.332,407.113 292.727,256\"\/><\/svg><\/div><\/div><div class='proinput'><form role=\"search\" action='#' autocomplete=\"off\" aria-label=\"Search form\"><input type='search' class='orig' placeholder='Buscar...' name='phrase' value='' aria-label=\"Search input\" autocomplete=\"off\"\/><input type='text' class='autocomplete' name='phrase' value='' aria-label=\"Search autocomplete input\" aria-hidden=\"true\" tabindex=\"-1\" autocomplete=\"off\" disabled\/><\/form><\/div><button class='promagnifier' aria-label=\"Search magnifier button\"><span class='asp_text_button hiddend'> Search <\/span><span class='innericon'><svg xmlns=\"http:\/\/www.w3.org\/2000\/svg\" width=\"22\" height=\"22\" viewBox=\"0 0 512 512\"><path d=\"M460.355 421.59l-106.51-106.512c20.04-27.553 31.884-61.437 31.884-98.037C385.73 124.935 310.792 50 218.685 50c-92.106 0-167.04 74.934-167.04 167.04 0 92.107 74.935 167.042 167.04 167.042 34.912 0 67.352-10.773 94.184-29.158L419.945 462l40.41-40.41zM100.63 217.04c0-65.095 52.96-118.055 118.056-118.055 65.098 0 118.057 52.96 118.057 118.056 0 65.097-52.96 118.057-118.057 118.057-65.096 0-118.055-52.96-118.055-118.056z\"\/><\/svg><\/span><span class=\"asp_clear\"><\/span><\/button><div class='proloading'><div class=\"asp_loader\"><div class=\"asp_loader-inner asp_simple-circle\"><\/div><\/div><\/div><div class='proclose'><svg version=\"1.1\" xmlns=\"http:\/\/www.w3.org\/2000\/svg\" xmlns:xlink=\"http:\/\/www.w3.org\/1999\/xlink\" x=\"0px\" y=\"0px\" width=\"512px\" height=\"512px\" viewBox=\"0 0 512 512\" enable-background=\"new 0 0 512 512\" xml:space=\"preserve\"><polygon points=\"438.393,374.595 319.757,255.977 438.378,137.348 374.595,73.607 255.995,192.225 137.375,73.622 73.607,137.352 192.246,255.983 73.622,374.625 137.352,438.393 256.002,319.734 374.652,438.378 \"\/><\/svg><\/div><\/div><\/div><div class='asp_data_container' style=\"display:none !important;\"><div class=\"asp_init_data\" style=\"display:none !important;\" id=\"asp_init_id_2_1\" data-asp-id=\"2\" data-asp-instance=\"1\" data-settings=\"{&quot;animations&quot;:{&quot;pc&quot;:{&quot;settings&quot;:{&quot;anim&quot;:&quot;fadedrop&quot;,&quot;dur&quot;:300},&quot;results&quot;:{&quot;anim&quot;:&quot;fadedrop&quot;,&quot;dur&quot;:300},&quot;items&quot;:&quot;fadeInDown&quot;},&quot;mob&quot;:{&quot;settings&quot;:{&quot;anim&quot;:&quot;fadedrop&quot;,&quot;dur&quot;:300},&quot;results&quot;:{&quot;anim&quot;:&quot;fadedrop&quot;,&quot;dur&quot;:300},&quot;items&quot;:&quot;voidanim&quot;}},&quot;autocomplete&quot;:{&quot;enabled&quot;:1,&quot;trigger_charcount&quot;:0,&quot;googleOnly&quot;:1,&quot;lang&quot;:&quot;en&quot;,&quot;mobile&quot;:1},&quot;autop&quot;:{&quot;state&quot;:&quot;disabled&quot;,&quot;phrase&quot;:&quot;&quot;,&quot;count&quot;:10},&quot;charcount&quot;:0,&quot;closeOnDocClick&quot;:1,&quot;compact&quot;:{&quot;enabled&quot;:0,&quot;focus&quot;:1,&quot;width&quot;:&quot;100%&quot;,&quot;width_tablet&quot;:&quot;480px&quot;,&quot;width_phone&quot;:&quot;320px&quot;,&quot;closeOnMagnifier&quot;:1,&quot;closeOnDocument&quot;:0,&quot;position&quot;:&quot;static&quot;,&quot;overlay&quot;:0},&quot;cptArchive&quot;:{&quot;useAjax&quot;:0,&quot;selector&quot;:&quot;#main&quot;,&quot;url&quot;:&quot;&quot;},&quot;detectVisibility&quot;:0,&quot;divi&quot;:{&quot;bodycommerce&quot;:0},&quot;focusOnPageload&quot;:0,&quot;fss_layout&quot;:&quot;flex&quot;,&quot;highlight&quot;:0,&quot;highlightWholewords&quot;:1,&quot;homeurl&quot;:&quot;https:\\\/\\\/sbu-sp.org.br\\\/medicos\\\/&quot;,&quot;is_results_page&quot;:0,&quot;isotopic&quot;:{&quot;itemWidth&quot;:&quot;200px&quot;,&quot;itemWidthTablet&quot;:&quot;200px&quot;,&quot;itemWidthPhone&quot;:&quot;200px&quot;,&quot;itemHeight&quot;:&quot;200px&quot;,&quot;itemHeightTablet&quot;:&quot;200px&quot;,&quot;itemHeightPhone&quot;:&quot;200px&quot;,&quot;pagination&quot;:1,&quot;rows&quot;:2,&quot;gutter&quot;:5,&quot;showOverlay&quot;:1,&quot;blurOverlay&quot;:1,&quot;hideContent&quot;:1},&quot;itemscount&quot;:4,&quot;loaderLocation&quot;:&quot;auto&quot;,&quot;mobile&quot;:{&quot;trigger_on_type&quot;:1,&quot;click_action&quot;:&quot;results_page&quot;,&quot;return_action&quot;:&quot;results_page&quot;,&quot;click_action_location&quot;:&quot;same&quot;,&quot;return_action_location&quot;:&quot;same&quot;,&quot;redirect_url&quot;:&quot;?s={phrase}&quot;,&quot;elementor_url&quot;:&quot;https:\\\/\\\/sbu-sp.org.br\\\/medicos\\\/?asp_ls={phrase}&quot;,&quot;menu_selector&quot;:&quot;#menu-toggle&quot;,&quot;hide_keyboard&quot;:0,&quot;force_res_hover&quot;:0,&quot;force_sett_hover&quot;:0,&quot;force_sett_state&quot;:&quot;none&quot;},&quot;override_method&quot;:&quot;get&quot;,&quot;overridewpdefault&quot;:1,&quot;prescontainerheight&quot;:&quot;400px&quot;,&quot;preventBodyScroll&quot;:0,&quot;preventEvents&quot;:0,&quot;rb&quot;:{&quot;action&quot;:&quot;nothing&quot;},&quot;resPage&quot;:{&quot;useAjax&quot;:0,&quot;selector&quot;:&quot;#main&quot;,&quot;trigger_type&quot;:1,&quot;trigger_facet&quot;:1,&quot;trigger_magnifier&quot;:0,&quot;trigger_return&quot;:0},&quot;results&quot;:{&quot;width&quot;:&quot;auto&quot;,&quot;width_tablet&quot;:&quot;auto&quot;,&quot;width_phone&quot;:&quot;auto&quot;,&quot;disableClick&quot;:false},&quot;resultsSnapTo&quot;:&quot;left&quot;,&quot;resultsposition&quot;:&quot;hover&quot;,&quot;resultstype&quot;:&quot;vertical&quot;,&quot;sb&quot;:{&quot;redirect_action&quot;:&quot;ajax_search&quot;,&quot;redirect_location&quot;:&quot;same&quot;,&quot;redirect_url&quot;:&quot;?s={phrase}&quot;,&quot;elementor_url&quot;:&quot;https:\\\/\\\/sbu-sp.org.br\\\/medicos\\\/?asp_ls={phrase}&quot;},&quot;scrollBar&quot;:{&quot;horizontal&quot;:{&quot;enabled&quot;:1}},&quot;scrollToResults&quot;:{&quot;enabled&quot;:0,&quot;offset&quot;:0},&quot;select2&quot;:{&quot;nores&quot;:&quot;No results match&quot;},&quot;settings&quot;:{&quot;unselectChildren&quot;:1,&quot;unselectParent&quot;:0,&quot;hideChildren&quot;:0},&quot;settingsHideOnRes&quot;:0,&quot;settingsimagepos&quot;:&quot;right&quot;,&quot;settingsVisible&quot;:0,&quot;show_more&quot;:{&quot;enabled&quot;:0,&quot;url&quot;:&quot;?s={phrase}&quot;,&quot;elementor_url&quot;:&quot;https:\\\/\\\/sbu-sp.org.br\\\/medicos\\\/?asp_ls={phrase}&quot;,&quot;action&quot;:&quot;ajax&quot;,&quot;location&quot;:&quot;same&quot;,&quot;infinite&quot;:1},&quot;singleHighlight&quot;:0,&quot;taxArchive&quot;:{&quot;useAjax&quot;:0,&quot;selector&quot;:&quot;#main&quot;,&quot;url&quot;:&quot;&quot;},&quot;lightbox&quot;:{&quot;overlay&quot;:true,&quot;overlayOpacity&quot;:0.6999999999999999555910790149937383830547332763671875,&quot;overlayColor&quot;:&quot;#FFFFFF&quot;,&quot;nav&quot;:true,&quot;disableRightClick&quot;:true,&quot;close&quot;:true,&quot;animationSpeed&quot;:250,&quot;docClose&quot;:true,&quot;disableScroll&quot;:true,&quot;enableKeyboard&quot;:true},&quot;trigger&quot;:{&quot;delay&quot;:300,&quot;autocomplete_delay&quot;:310,&quot;update_href&quot;:0,&quot;facet&quot;:1,&quot;type&quot;:1,&quot;click&quot;:&quot;results_page&quot;,&quot;click_location&quot;:&quot;same&quot;,&quot;return&quot;:&quot;results_page&quot;,&quot;return_location&quot;:&quot;same&quot;,&quot;redirect_url&quot;:&quot;?s={phrase}&quot;,&quot;elementor_url&quot;:&quot;https:\\\/\\\/sbu-sp.org.br\\\/medicos\\\/?asp_ls={phrase}&quot;,&quot;minWordLength&quot;:2,&quot;charcount_magnifier_enter&quot;:0,&quot;charcount&quot;:0},&quot;close_icon&quot;:{&quot;action&quot;:&quot;clear&quot;,&quot;close_results&quot;:true},&quot;wooShop&quot;:{&quot;useAjax&quot;:0,&quot;selector&quot;:&quot;#main&quot;,&quot;url&quot;:&quot;&quot;}}\"><\/div><div class='asp_hidden_data' style=\"display:none !important;\"><div class='asp_item_overlay'><div class='asp_item_inner'><svg xmlns=\"http:\/\/www.w3.org\/2000\/svg\" width=\"22\" height=\"22\" viewBox=\"0 0 512 512\"><path d=\"M448.225 394.243l-85.387-85.385c16.55-26.08 26.146-56.986 26.146-90.094 0-92.99-75.652-168.64-168.643-168.64-92.988 0-168.64 75.65-168.64 168.64s75.65 168.64 168.64 168.64c31.466 0 60.94-8.67 86.176-23.734l86.14 86.142c36.755 36.754 92.355-18.783 55.57-55.57zm-344.233-175.48c0-64.155 52.192-116.35 116.35-116.35s116.353 52.194 116.353 116.35S284.5 335.117 220.342 335.117s-116.35-52.196-116.35-116.352zm34.463-30.26c34.057-78.9 148.668-69.75 170.248 12.863-43.482-51.037-119.984-56.532-170.248-12.862z\"\/><\/svg><\/div><\/div><\/div><\/div><div id='__original__ajaxsearchprores2_1' class='asp_w asp_r asp_r_2 asp_r_2_1 vertical ajaxsearchpro wpdreams_asp_sc wpdreams_asp_sc-2' data-id=\"2\" data-instance=\"1\"><div class=\"results\"><div class=\"resdrg\"><\/div><\/div><div class=\"asp_res_loader hiddend\"><div class=\"asp_loader\"><div class=\"asp_loader-inner asp_simple-circle\"><\/div><\/div><\/div><\/div><div id='__original__ajaxsearchprobsettings2_1' class=\"asp_w asp_ss asp_ss_2 asp_sb asp_sb_2 asp_sb_2_1 asp_sb wpdreams_asp_sc wpdreams_asp_sc-2 ajaxsearchpro searchsettings\" data-id=\"2\" data-instance=\"1\"><form name='options' class=\"asp-fss-flex\" aria-label=\"Search settings form\" autocomplete = 'off'><input type=\"hidden\" name=\"current_page_id\" value=\"25680\"><input type='hidden' name='qtranslate_lang' value='0'\/><input type=\"hidden\" name=\"filters_changed\" value=\"0\"><input type=\"hidden\" name=\"filters_initial\" value=\"1\"><input type=\"hidden\" name=\"device\" value=\"1\"><fieldset class=\"asp_filter_generic asp_filter_id_1 asp_filter_n_0\"><legend>Generic filters<\/legend><div class=\"asp_option asp_option_generic asp_option_generic_exact\" role=\"checkbox\" aria-checked=\"false\" tabindex=\"0\"><div class=\"asp_option_inner\"><input type=\"checkbox\" value=\"exact\" id=\"set_exact2_1\" aria-label=\"Exact matches only\" name=\"asp_gen[]\" \/><div class=\"asp_option_checkbox\"><\/div><\/div><div class=\"asp_option_label\"> Exact matches only <\/div><\/div><div class=\"asp_option asp_option_generic asp_option_generic_title\" role=\"checkbox\" aria-checked=\"true\" tabindex=\"0\"><div class=\"asp_option_inner\"><input type=\"checkbox\" value=\"title\" id=\"set_title2_1\" data-origvalue=\"1\" aria-label=\"Search in title\" name=\"asp_gen[]\" checked=\"checked\"\/><div class=\"asp_option_checkbox\"><\/div><\/div><div class=\"asp_option_label\"> Search in title <\/div><\/div><div class=\"asp_option asp_option_generic asp_option_generic_content\" role=\"checkbox\" aria-checked=\"true\" tabindex=\"0\"><div class=\"asp_option_inner\"><input type=\"checkbox\" value=\"content\" id=\"set_content2_1\" data-origvalue=\"1\" aria-label=\"Search in content\" name=\"asp_gen[]\" checked=\"checked\"\/><div class=\"asp_option_checkbox\"><\/div><\/div><div class=\"asp_option_label\"> Search in content <\/div><\/div><div class=\"asp_option asp_option_generic asp_option_generic_excerpt\" role=\"checkbox\" aria-checked=\"true\" tabindex=\"0\"><div class=\"asp_option_inner\"><input type=\"checkbox\" value=\"excerpt\" id=\"set_excerpt2_1\" data-origvalue=\"1\" aria-label=\"Search in excerpt\" name=\"asp_gen[]\" checked=\"checked\"\/><div class=\"asp_option_checkbox\"><\/div><\/div><div class=\"asp_option_label\"> Search in excerpt <\/div><\/div><\/fieldset><div style=\"clear:both;\"><\/div><\/form><\/div><div class=\"wpdreams_clear\"><\/div><\/div>[\/vc_column_text][\/vc_column_inner][\/vc_row_inner][vc_row_inner css=&#8221;.vc_custom_1710183117202{margin-top: 40px !important;}&#8221;][vc_column_inner][vc_column_text css=&#8221;.vc_custom_1710182802644{padding-left: 45px !important;}&#8221;]<\/p>\n<h2>Nossa Hist\u00f3ria<\/h2>\n<p>[\/vc_column_text]<div class=\"boc_divider_holder\"><div class=\"boc_divider  \"  style=\"margin-top: 20px;margin-bottom: 20px;height: 2px;background: #9e0f0f;\"><\/div><\/div><div class=\"boc_spacing \" style=\"height: 20px\"><\/div>[vc_column_text css=&#8221;.vc_custom_1710183269263{margin-top: 10px !important;}&#8221; el_class=&#8221;borderLeft&#8221;]<img loading=\"lazy\" decoding=\"async\" class=\"imgBorder alignright wp-image-25682\" src=\"https:\/\/sbu-sp.org.br\/medicos\/wp-content\/uploads\/2024\/01\/historia.png\" alt=\"\" width=\"530\" height=\"236\" srcset=\"https:\/\/sbu-sp.org.br\/medicos\/wp-content\/uploads\/2024\/01\/historia.png 630w, https:\/\/sbu-sp.org.br\/medicos\/wp-content\/uploads\/2024\/01\/historia-300x133.png 300w\" sizes=\"auto, (max-width: 530px) 100vw, 530px\" \/><\/p>\n<p>Pelo que sabemos, o Estado de S\u00e3o Paulo foi um dos primeiros da Federa\u00e7\u00e3o a ter uma Seccional da Sociedade Brasileira de Urologia. Isto ocorreu muito tardiamente na hist\u00f3ria desta grei, ou seja, 43 anos ap\u00f3s sua funda\u00e7\u00e3o na cidade do Rio de Janeiro. Assim, em 1\u00ba de agosto de 1969, na sede da Sociedade de Medicina e Cirurgia de Campinas, na Rua General Os\u00f3rio, 844 \u2013 2\u00ba andar, iniciaram-se os trabalhos desta nova regional. Os urologistas participantes desta memor\u00e1vel reuni\u00e3o foram: Augusto Am\u00e9lio da Motta Pacheco, Roberto Rocha Brito, Wilson Simas, Nelson Caprini, Jos\u00e9 Albuquerque e Hamilton Jos\u00e9 Borges.A primeira diretoria teve como palco de reuni\u00f5es a cidade de Campinas. Seu mandato era provis\u00f3rio e duraria at\u00e9 a realiza\u00e7\u00e3o do XII Congresso Brasileiro de Urologia (19 a 22 de novembro de 1969). Foi constitu\u00edda por Augusto Am\u00e9lio da Motta Pacheco (Presidente), Hamilton Jos\u00e9 Borges (Secret\u00e1rio) e Nelson Caprini J\u00fanior (Tesoureiro).A partir da segunda diretoria, at\u00e9 o ano de 1974, as reuni\u00f5es da diretoria da SBU-SP foram realizadas na sede da Associa\u00e7\u00e3o Paulista de Medicina. A partir de 1976, constam nas atas outros endere\u00e7os provis\u00f3rios de reuni\u00f5es, situados na cidade de S\u00e3o Paulo, como: o Instituto de Urologia na Rua Padre Jo\u00e3o Manuel, n\u00ba 282 e Rua Mourato Coelho, n\u00ba 543. A partir de 1980, com a aquisi\u00e7\u00e3o da sede pr\u00f3pria, as diretorias que se sucederam, se reuniram \u00e0 Rua Augusta, n\u00ba 2933 \u2013 3\u00ba andar, conjunto 31.Ao longo de 39 anos de exist\u00eancia, houve 21 mandatos sendo encabe\u00e7ados por dezessete presidentes diferentes. Deve-se dizer que, apenas um deles (M\u00e1rio Marrese) ocupou tal cargo por duas vezes n\u00e3o consecutivas (1982-1983 e 1988-1989).<\/p>\n<p>Como representantes do Interior houve seis mandatos: Hamilton Jos\u00e9 Borges \u2013 Campinas (agosto a dezembro de 1979), que assumiu o cargo em conseq\u00fc\u00eancia da morte de Manoel Tabacow Hidal (1978-1\u00ba semestre de 1979); Eliseu Roberto Mello Denadai \u2013 S\u00e3o Jos\u00e9 do Rio Preto (1990-1991), Jos\u00e9 Carlos Souza Trindade \u2013 Botucatu (1996-1997), Paulo C\u00e9sar Rodrigues Palma, Aguinaldo C\u00e9sar Nardi (2004-2005) e Ubirajara Ferreira (2008-2009).<\/p>\n<p>Entre os feitos mais significativos realizados pela Seccional de S\u00e3o Paulo, t\u00eam-se:<\/p>\n<p><strong>a)<\/strong> XV Congresso Brasileiro de Urologia (1973);<\/p>\n<p><strong>b)<\/strong> Aquisi\u00e7\u00e3o de sede cuja inaugura\u00e7\u00e3o ocorreu em 27 de mar\u00e7o de 1980, tendo como colaboradores: Alfredo Duarte Cabral, Augusto Am\u00e9lio da Motta Pacheco, Carlos M\u00e1ximo Fernandes Cabral, Clara Zilberlicht Rosset, Darcy Villela Itiber\u00ea, Francisco R\u00f4mulo Rabello, Gilberto Menezes de G\u00f3es, Hamilton Jos\u00e9 Borges, Jarbas Barbosa dos Santos, Jos\u00e9 dos Santos Perfeito, Luiz Raphael Andreoni Marsai\u00f3li, Manoel Tabacow Hidal, Nelson Rodrigues Netto Jr., Oswaldo Boccalini, Roberto Rocha Brito, Ronaldo de Aguiar Souza Zulian, Walter Jorge Bestane, Ely Lilly do Brasil, H. Strattner e Laborat\u00f3rio Eaton Vemaco;<\/p>\n<p><strong>c)<\/strong> Cria\u00e7\u00e3o do \u00d3rg\u00e3o Oficial de Informa\u00e7\u00f5es inicialmente denominado Boletim Informativo Urol\u00f3gico \u2013 BIU \u2013 (1980-1981) depois, Jornal de Informa\u00e7\u00f5es Urol\u00f3gicas \u2013 JIU (1983-1989) e novamente BIU agora, por\u00e9m, Boletim de Informa\u00e7\u00f5es Urol\u00f3gicas (desde 1980);<\/p>\n<p><strong>d)<\/strong> Interioriza\u00e7\u00e3o de Cursos e Jornadas de ensino e reciclagem;<\/p>\n<p><strong>e)<\/strong> In\u00edcio do Congresso Paulista de Urologia, realizado bienalmente desde 1990;<\/p>\n<p><strong>f)<\/strong> XXIV Congresso Brasileiro de Urologia (1993);<\/p>\n<p><strong>g)<\/strong> Inter-relacionamento com o Conselho Regional de Medicina (CREMESP) atrav\u00e9s da cria\u00e7\u00e3o da C\u00e2mara T\u00e9cnica de Urologia;<\/p>\n<p><strong>h)<\/strong> Engajamento crescente na luta por melhores honor\u00e1rios profissionais;<\/p>\n<p><strong>i)<\/strong> Informatiza\u00e7\u00e3o da sede e seu respectivo aprimoramento;<\/p>\n<p><strong>j)<\/strong> Resgate do acervo cient\u00edfico-cultural referente \u00e0 galeria dos ex-presidentes, ao Jornal Brasileiro de Urologia, Boletim de Informa\u00e7\u00f5es Urol\u00f3gicas e Boletim da Urologia;<\/p>\n<p><strong>k)<\/strong> Aquisi\u00e7\u00e3o e reforma de sede cuja inaugura\u00e7\u00e3o foi em 31\/10\/1997, \u00e0 Rua Cuxipon\u00e9s, 97;<\/p>\n<p><strong>i)<\/strong> Aquisi\u00e7\u00e3o e reforma de sede cuja inaugura\u00e7\u00e3o foi em 16\/04\/2005, \u00e0 Rua Tabapu\u00e3, 1.123 \u2013 conj. 101 \u2013 Itaim Bibi \u2013 S\u00e3o Paulo\/SP, e venda da sede da Rua Cuxipon\u00e9s, 97.<\/p>\n<p>&nbsp;<\/p>\n<h2><span style=\"color: #9e0f0f;\">Miss\u00e3o<\/span><\/h2>\n<div class=\"entry-content herald-entry-content\">\n<p>Trabalhar incessantemente para a consolida\u00e7\u00e3o da Sociedade, visando seu fortalecimento, transpar\u00eancia e aprimoramento;<\/p>\n<p>Propiciar aprimoramento para todos os associados atrav\u00e9s da realiza\u00e7\u00e3o de cursos, jornadas e congressos de ensino e reciclagem;<\/p>\n<p>Levar para toda a comunidade informa\u00e7\u00e3o e esclarecimento sobre diversas quest\u00f5es que envolvem a urologia e seus profissionais atrav\u00e9s de campanhas de esclarecimento voltadas para o p\u00fablico leigo;<\/p>\n<p>Manter uma sede com toda a infra-estrutura necess\u00e1ria para atendimento aos associados, de forma que eles sintam-se em casa;<\/p>\n<p>Manter vivo e atualizado o \u00f3rg\u00e3o oficial de informa\u00e7\u00f5es da SBU-SP (BIU) com o objetivo de informar, atualizar, aprimorar e auxiliar todos os associados, sendo um forte apoio no est\u00edmulo \u00e0 educa\u00e7\u00e3o continuada;<\/p>\n<p>Engajamento crescente na luta por melhores honor\u00e1rios profissionais e na defesa profissional de seus associados.<\/p>\n<\/div>\n<p>[\/vc_column_text]<div class=\"boc_spacing \" style=\"height: 40px\"><\/div>[\/vc_column_inner][\/vc_row_inner][\/vc_column][\/vc_row]<\/p>\n<\/div>","protected":false},"excerpt":{"rendered":"<p>[vc_row full_width=&#8221;stretch_row_content&#8221; css=&#8221;.vc_custom_1713655488779{background-position: center !important;background-repeat: no-repeat !important;background-size: cover !important;}&#8221;][vc_column css=&#8221;.vc_custom_1713655556392{padding-left: 33px !important;}&#8221;][vc_row_inner][vc_column_inner width=&#8221;3\/4&#8243;][vc_column_text css_animation=&#8221;boc_animate_when_almost_visible boc_fade-in&#8221;][\/vc_column_text][vc_column_text css_animation=&#8221;boc_animate_when_almost_visible boc_fade-in&#8221; el_class=&#8221;position&#8221;][\/vc_column_text][\/vc_column_inner][vc_column_inner width=&#8221;1\/4&#8243;][vc_column_text css=&#8221;&#8221; css_animation=&#8221;boc_animate_when_almost_visible boc_fade-in&#8221;][\/vc_column_text][\/vc_column_inner][\/vc_row_inner][vc_row_inner css=&#8221;.vc_custom_1710183117202{margin-top: 40px !important;}&#8221;][vc_column_inner][vc_column_text css=&#8221;.vc_custom_1710182802644{padding-left: 45px !important;}&#8221;] Nossa Hist\u00f3ria [\/vc_column_text][vc_column_text css=&#8221;.vc_custom_1710183269263{margin-top: 10px !important;}&#8221; el_class=&#8221;borderLeft&#8221;] Pelo que sabemos, o Estado de S\u00e3o Paulo foi um dos primeiros da Federa\u00e7\u00e3o a ter uma Seccional da Sociedade Brasileira de Urologia. Isto ocorreu<\/p>\n<div class=\"h10\"><\/div>\n<p><a class=\"more-link1\" href=\"https:\/\/sbu-sp.org.br\/medicos\/historia\/institucional-missao\/\">Leia mais<\/a><\/p>\n","protected":false},"author":1,"featured_media":0,"parent":128,"menu_order":0,"comment_status":"closed","ping_status":"closed","template":"","meta":{"footnotes":"","_links_to":"","_links_to_target":""},"class_list":["post-25680","page","type-page","status-publish","hentry"],"_links":{"self":[{"href":"https:\/\/sbu-sp.org.br\/medicos\/wp-json\/wp\/v2\/pages\/25680","targetHints":{"allow":["GET"]}}],"collection":[{"href":"https:\/\/sbu-sp.org.br\/medicos\/wp-json\/wp\/v2\/pages"}],"about":[{"href":"https:\/\/sbu-sp.org.br\/medicos\/wp-json\/wp\/v2\/types\/page"}],"author":[{"embeddable":true,"href":"https:\/\/sbu-sp.org.br\/medicos\/wp-json\/wp\/v2\/users\/1"}],"replies":[{"embeddable":true,"href":"https:\/\/sbu-sp.org.br\/medicos\/wp-json\/wp\/v2\/comments?post=25680"}],"version-history":[{"count":0,"href":"https:\/\/sbu-sp.org.br\/medicos\/wp-json\/wp\/v2\/pages\/25680\/revisions"}],"up":[{"embeddable":true,"href":"https:\/\/sbu-sp.org.br\/medicos\/wp-json\/wp\/v2\/pages\/128"}],"wp:attachment":[{"href":"https:\/\/sbu-sp.org.br\/medicos\/wp-json\/wp\/v2\/media?parent=25680"}],"curies":[{"name":"wp","href":"https:\/\/api.w.org\/{rel}","templated":true}]}}