{"id":32725,"date":"2026-01-05T11:44:32","date_gmt":"2026-01-05T14:44:32","guid":{"rendered":"https:\/\/sbu-sp.org.br\/medicos\/?page_id=32725"},"modified":"2026-03-12T14:34:33","modified_gmt":"2026-03-12T17:34:33","slug":"diretoria-bienio-2024-2025","status":"publish","type":"page","link":"https:\/\/sbu-sp.org.br\/medicos\/historia\/diretorias-anteriores\/diretoria-bienio-2024-2025\/","title":{"rendered":"Diretoria &#8211; Bi\u00eanio 2024\/2025"},"content":{"rendered":"<div class=\"wpb-content-wrapper\"><p>[vc_row full_width=&#8221;stretch_row_content&#8221; css=&#8221;.vc_custom_1713530445834{margin-bottom: -10px !important;background-position: center !important;background-repeat: no-repeat !important;background-size: cover !important;}&#8221;][vc_column css=&#8221;.vc_custom_1713530952098{padding-right: 40px !important;}&#8221;][vc_row_inner][vc_column_inner width=&#8221;3\/4&#8243; css=&#8221;.vc_custom_1713530597819{padding-left: 33px !important;}&#8221;]<div class=\"boc_spacing \" style=\"height: 13px\"><\/div>[vc_column_text css=&#8221;&#8221; css_animation=&#8221;boc_animate_when_almost_visible boc_fade-in&#8221;]<img decoding=\"async\" class=\"alignnone size-full wp-image-26063\" src=\"https:\/\/sbu-sp.org.br\/medicos\/wp-content\/uploads\/2024\/03\/cabecalho_diretorias-anteriores.png\" alt=\"\" width=\"919\" srcset=\"https:\/\/sbu-sp.org.br\/medicos\/wp-content\/uploads\/2024\/03\/cabecalho_diretorias-anteriores.png 1795w, https:\/\/sbu-sp.org.br\/medicos\/wp-content\/uploads\/2024\/03\/cabecalho_diretorias-anteriores-300x41.png 300w, https:\/\/sbu-sp.org.br\/medicos\/wp-content\/uploads\/2024\/03\/cabecalho_diretorias-anteriores-1024x139.png 1024w, https:\/\/sbu-sp.org.br\/medicos\/wp-content\/uploads\/2024\/03\/cabecalho_diretorias-anteriores-768x104.png 768w, https:\/\/sbu-sp.org.br\/medicos\/wp-content\/uploads\/2024\/03\/cabecalho_diretorias-anteriores-1536x208.png 1536w\" sizes=\"(max-width: 1795px) 100vw, 1795px\" \/>[\/vc_column_text]<div class=\"boc_spacing \" style=\"height: 40px\"><\/div>[vc_column_text css_animation=&#8221;boc_animate_when_almost_visible boc_fade-in&#8221; el_class=&#8221;position&#8221;]<a class=\"zoom\" href=\"https:\/\/sbu-sp.org.br\/medicos\/\"><img decoding=\"async\" class=\"alignnone size-full wp-image-26680\" src=\"https:\/\/sbu-sp.org.br\/medicos\/wp-content\/uploads\/2024\/04\/btn_voltar.png\" alt=\"\" width=\"120\" srcset=\"https:\/\/sbu-sp.org.br\/medicos\/wp-content\/uploads\/2024\/04\/btn_voltar.png 396w, https:\/\/sbu-sp.org.br\/medicos\/wp-content\/uploads\/2024\/04\/btn_voltar-300x72.png 300w, https:\/\/sbu-sp.org.br\/medicos\/wp-content\/uploads\/2024\/04\/btn_voltar-391x95.png 391w\" sizes=\"(max-width: 396px) 100vw, 396px\" \/><\/a>[\/vc_column_text][\/vc_column_inner][vc_column_inner width=&#8221;1\/4&#8243;]<div class=\"boc_spacing \" style=\"height: 40px\"><\/div>[vc_column_text css=&#8221;&#8221; css_animation=&#8221;boc_animate_when_almost_visible boc_fade-in&#8221;]<div class=\"asp_w_container asp_w_container_2 asp_w_container_2_1\" data-id=\"2\" data-instance=\"1\"><div class='asp_w asp_m asp_m_2 asp_m_2_1 wpdreams_asp_sc wpdreams_asp_sc-2 ajaxsearchpro asp_main_container asp_non_compact' data-id=\"2\" data-name=\"busca\" data-instance=\"1\" id='ajaxsearchpro2_1'><div class=\"probox\"><div class='prosettings' style='display:none;' data-opened=0><div class='innericon'><svg xmlns=\"http:\/\/www.w3.org\/2000\/svg\" width=\"22\" height=\"22\" viewBox=\"0 0 512 512\"><polygon transform=\"rotate(90 256 256)\" points=\"142.332,104.886 197.48,50 402.5,256 197.48,462 142.332,407.113 292.727,256\"\/><\/svg><\/div><\/div><div class='proinput'><form role=\"search\" action='#' autocomplete=\"off\" aria-label=\"Search form\"><input type='search' class='orig' placeholder='Buscar...' name='phrase' value='' aria-label=\"Search input\" autocomplete=\"off\"\/><input type='text' class='autocomplete' name='phrase' value='' aria-label=\"Search autocomplete input\" aria-hidden=\"true\" tabindex=\"-1\" autocomplete=\"off\" disabled\/><\/form><\/div><button class='promagnifier' aria-label=\"Search magnifier button\"><span class='asp_text_button hiddend'> Search <\/span><span class='innericon'><svg xmlns=\"http:\/\/www.w3.org\/2000\/svg\" width=\"22\" height=\"22\" viewBox=\"0 0 512 512\"><path d=\"M460.355 421.59l-106.51-106.512c20.04-27.553 31.884-61.437 31.884-98.037C385.73 124.935 310.792 50 218.685 50c-92.106 0-167.04 74.934-167.04 167.04 0 92.107 74.935 167.042 167.04 167.042 34.912 0 67.352-10.773 94.184-29.158L419.945 462l40.41-40.41zM100.63 217.04c0-65.095 52.96-118.055 118.056-118.055 65.098 0 118.057 52.96 118.057 118.056 0 65.097-52.96 118.057-118.057 118.057-65.096 0-118.055-52.96-118.055-118.056z\"\/><\/svg><\/span><span class=\"asp_clear\"><\/span><\/button><div class='proloading'><div class=\"asp_loader\"><div class=\"asp_loader-inner asp_simple-circle\"><\/div><\/div><\/div><div class='proclose'><svg version=\"1.1\" xmlns=\"http:\/\/www.w3.org\/2000\/svg\" xmlns:xlink=\"http:\/\/www.w3.org\/1999\/xlink\" x=\"0px\" y=\"0px\" width=\"512px\" height=\"512px\" viewBox=\"0 0 512 512\" enable-background=\"new 0 0 512 512\" xml:space=\"preserve\"><polygon points=\"438.393,374.595 319.757,255.977 438.378,137.348 374.595,73.607 255.995,192.225 137.375,73.622 73.607,137.352 192.246,255.983 73.622,374.625 137.352,438.393 256.002,319.734 374.652,438.378 \"\/><\/svg><\/div><\/div><\/div><div class='asp_data_container' style=\"display:none !important;\"><div class=\"asp_init_data\" style=\"display:none !important;\" id=\"asp_init_id_2_1\" data-asp-id=\"2\" data-asp-instance=\"1\" data-settings=\"{&quot;animations&quot;:{&quot;pc&quot;:{&quot;settings&quot;:{&quot;anim&quot;:&quot;fadedrop&quot;,&quot;dur&quot;:300},&quot;results&quot;:{&quot;anim&quot;:&quot;fadedrop&quot;,&quot;dur&quot;:300},&quot;items&quot;:&quot;fadeInDown&quot;},&quot;mob&quot;:{&quot;settings&quot;:{&quot;anim&quot;:&quot;fadedrop&quot;,&quot;dur&quot;:300},&quot;results&quot;:{&quot;anim&quot;:&quot;fadedrop&quot;,&quot;dur&quot;:300},&quot;items&quot;:&quot;voidanim&quot;}},&quot;autocomplete&quot;:{&quot;enabled&quot;:1,&quot;trigger_charcount&quot;:0,&quot;googleOnly&quot;:1,&quot;lang&quot;:&quot;en&quot;,&quot;mobile&quot;:1},&quot;autop&quot;:{&quot;state&quot;:&quot;disabled&quot;,&quot;phrase&quot;:&quot;&quot;,&quot;count&quot;:10},&quot;charcount&quot;:0,&quot;closeOnDocClick&quot;:1,&quot;compact&quot;:{&quot;enabled&quot;:0,&quot;focus&quot;:1,&quot;width&quot;:&quot;100%&quot;,&quot;width_tablet&quot;:&quot;480px&quot;,&quot;width_phone&quot;:&quot;320px&quot;,&quot;closeOnMagnifier&quot;:1,&quot;closeOnDocument&quot;:0,&quot;position&quot;:&quot;static&quot;,&quot;overlay&quot;:0},&quot;cptArchive&quot;:{&quot;useAjax&quot;:0,&quot;selector&quot;:&quot;#main&quot;,&quot;url&quot;:&quot;&quot;},&quot;detectVisibility&quot;:0,&quot;divi&quot;:{&quot;bodycommerce&quot;:0},&quot;focusOnPageload&quot;:0,&quot;fss_layout&quot;:&quot;flex&quot;,&quot;highlight&quot;:0,&quot;highlightWholewords&quot;:1,&quot;homeurl&quot;:&quot;https:\\\/\\\/sbu-sp.org.br\\\/medicos\\\/&quot;,&quot;is_results_page&quot;:0,&quot;isotopic&quot;:{&quot;itemWidth&quot;:&quot;200px&quot;,&quot;itemWidthTablet&quot;:&quot;200px&quot;,&quot;itemWidthPhone&quot;:&quot;200px&quot;,&quot;itemHeight&quot;:&quot;200px&quot;,&quot;itemHeightTablet&quot;:&quot;200px&quot;,&quot;itemHeightPhone&quot;:&quot;200px&quot;,&quot;pagination&quot;:1,&quot;rows&quot;:2,&quot;gutter&quot;:5,&quot;showOverlay&quot;:1,&quot;blurOverlay&quot;:1,&quot;hideContent&quot;:1},&quot;itemscount&quot;:4,&quot;loaderLocation&quot;:&quot;auto&quot;,&quot;mobile&quot;:{&quot;trigger_on_type&quot;:1,&quot;click_action&quot;:&quot;results_page&quot;,&quot;return_action&quot;:&quot;results_page&quot;,&quot;click_action_location&quot;:&quot;same&quot;,&quot;return_action_location&quot;:&quot;same&quot;,&quot;redirect_url&quot;:&quot;?s={phrase}&quot;,&quot;elementor_url&quot;:&quot;https:\\\/\\\/sbu-sp.org.br\\\/medicos\\\/?asp_ls={phrase}&quot;,&quot;menu_selector&quot;:&quot;#menu-toggle&quot;,&quot;hide_keyboard&quot;:0,&quot;force_res_hover&quot;:0,&quot;force_sett_hover&quot;:0,&quot;force_sett_state&quot;:&quot;none&quot;},&quot;override_method&quot;:&quot;get&quot;,&quot;overridewpdefault&quot;:1,&quot;prescontainerheight&quot;:&quot;400px&quot;,&quot;preventBodyScroll&quot;:0,&quot;preventEvents&quot;:0,&quot;rb&quot;:{&quot;action&quot;:&quot;nothing&quot;},&quot;resPage&quot;:{&quot;useAjax&quot;:0,&quot;selector&quot;:&quot;#main&quot;,&quot;trigger_type&quot;:1,&quot;trigger_facet&quot;:1,&quot;trigger_magnifier&quot;:0,&quot;trigger_return&quot;:0},&quot;results&quot;:{&quot;width&quot;:&quot;auto&quot;,&quot;width_tablet&quot;:&quot;auto&quot;,&quot;width_phone&quot;:&quot;auto&quot;,&quot;disableClick&quot;:false},&quot;resultsSnapTo&quot;:&quot;left&quot;,&quot;resultsposition&quot;:&quot;hover&quot;,&quot;resultstype&quot;:&quot;vertical&quot;,&quot;sb&quot;:{&quot;redirect_action&quot;:&quot;ajax_search&quot;,&quot;redirect_location&quot;:&quot;same&quot;,&quot;redirect_url&quot;:&quot;?s={phrase}&quot;,&quot;elementor_url&quot;:&quot;https:\\\/\\\/sbu-sp.org.br\\\/medicos\\\/?asp_ls={phrase}&quot;},&quot;scrollBar&quot;:{&quot;horizontal&quot;:{&quot;enabled&quot;:1}},&quot;scrollToResults&quot;:{&quot;enabled&quot;:0,&quot;offset&quot;:0},&quot;select2&quot;:{&quot;nores&quot;:&quot;No results match&quot;},&quot;settings&quot;:{&quot;unselectChildren&quot;:1,&quot;unselectParent&quot;:0,&quot;hideChildren&quot;:0},&quot;settingsHideOnRes&quot;:0,&quot;settingsimagepos&quot;:&quot;right&quot;,&quot;settingsVisible&quot;:0,&quot;show_more&quot;:{&quot;enabled&quot;:0,&quot;url&quot;:&quot;?s={phrase}&quot;,&quot;elementor_url&quot;:&quot;https:\\\/\\\/sbu-sp.org.br\\\/medicos\\\/?asp_ls={phrase}&quot;,&quot;action&quot;:&quot;ajax&quot;,&quot;location&quot;:&quot;same&quot;,&quot;infinite&quot;:1},&quot;singleHighlight&quot;:0,&quot;taxArchive&quot;:{&quot;useAjax&quot;:0,&quot;selector&quot;:&quot;#main&quot;,&quot;url&quot;:&quot;&quot;},&quot;lightbox&quot;:{&quot;overlay&quot;:true,&quot;overlayOpacity&quot;:0.6999999999999999555910790149937383830547332763671875,&quot;overlayColor&quot;:&quot;#FFFFFF&quot;,&quot;nav&quot;:true,&quot;disableRightClick&quot;:true,&quot;close&quot;:true,&quot;animationSpeed&quot;:250,&quot;docClose&quot;:true,&quot;disableScroll&quot;:true,&quot;enableKeyboard&quot;:true},&quot;trigger&quot;:{&quot;delay&quot;:300,&quot;autocomplete_delay&quot;:310,&quot;update_href&quot;:0,&quot;facet&quot;:1,&quot;type&quot;:1,&quot;click&quot;:&quot;results_page&quot;,&quot;click_location&quot;:&quot;same&quot;,&quot;return&quot;:&quot;results_page&quot;,&quot;return_location&quot;:&quot;same&quot;,&quot;redirect_url&quot;:&quot;?s={phrase}&quot;,&quot;elementor_url&quot;:&quot;https:\\\/\\\/sbu-sp.org.br\\\/medicos\\\/?asp_ls={phrase}&quot;,&quot;minWordLength&quot;:2,&quot;charcount_magnifier_enter&quot;:0,&quot;charcount&quot;:0},&quot;close_icon&quot;:{&quot;action&quot;:&quot;clear&quot;,&quot;close_results&quot;:true},&quot;wooShop&quot;:{&quot;useAjax&quot;:0,&quot;selector&quot;:&quot;#main&quot;,&quot;url&quot;:&quot;&quot;}}\"><\/div><div class='asp_hidden_data' style=\"display:none !important;\"><div class='asp_item_overlay'><div class='asp_item_inner'><svg xmlns=\"http:\/\/www.w3.org\/2000\/svg\" width=\"22\" height=\"22\" viewBox=\"0 0 512 512\"><path d=\"M448.225 394.243l-85.387-85.385c16.55-26.08 26.146-56.986 26.146-90.094 0-92.99-75.652-168.64-168.643-168.64-92.988 0-168.64 75.65-168.64 168.64s75.65 168.64 168.64 168.64c31.466 0 60.94-8.67 86.176-23.734l86.14 86.142c36.755 36.754 92.355-18.783 55.57-55.57zm-344.233-175.48c0-64.155 52.192-116.35 116.35-116.35s116.353 52.194 116.353 116.35S284.5 335.117 220.342 335.117s-116.35-52.196-116.35-116.352zm34.463-30.26c34.057-78.9 148.668-69.75 170.248 12.863-43.482-51.037-119.984-56.532-170.248-12.862z\"\/><\/svg><\/div><\/div><\/div><\/div><div id='__original__ajaxsearchprores2_1' class='asp_w asp_r asp_r_2 asp_r_2_1 vertical ajaxsearchpro wpdreams_asp_sc wpdreams_asp_sc-2' data-id=\"2\" data-instance=\"1\"><div class=\"results\"><div class=\"resdrg\"><\/div><\/div><div class=\"asp_res_loader hiddend\"><div class=\"asp_loader\"><div class=\"asp_loader-inner asp_simple-circle\"><\/div><\/div><\/div><\/div><div id='__original__ajaxsearchprobsettings2_1' class=\"asp_w asp_ss asp_ss_2 asp_sb asp_sb_2 asp_sb_2_1 asp_sb wpdreams_asp_sc wpdreams_asp_sc-2 ajaxsearchpro searchsettings\" data-id=\"2\" data-instance=\"1\"><form name='options' class=\"asp-fss-flex\" aria-label=\"Search settings form\" autocomplete = 'off'><input type=\"hidden\" name=\"current_page_id\" value=\"32725\"><input type='hidden' name='qtranslate_lang' value='0'\/><input type=\"hidden\" name=\"filters_changed\" value=\"0\"><input type=\"hidden\" name=\"filters_initial\" value=\"1\"><input type=\"hidden\" name=\"device\" value=\"1\"><fieldset class=\"asp_filter_generic asp_filter_id_1 asp_filter_n_0\"><legend>Generic filters<\/legend><div class=\"asp_option asp_option_generic asp_option_generic_exact\" role=\"checkbox\" aria-checked=\"false\" tabindex=\"0\"><div class=\"asp_option_inner\"><input type=\"checkbox\" value=\"exact\" id=\"set_exact2_1\" aria-label=\"Exact matches only\" name=\"asp_gen[]\" \/><div class=\"asp_option_checkbox\"><\/div><\/div><div class=\"asp_option_label\"> Exact matches only <\/div><\/div><div class=\"asp_option asp_option_generic asp_option_generic_title\" role=\"checkbox\" aria-checked=\"true\" tabindex=\"0\"><div class=\"asp_option_inner\"><input type=\"checkbox\" value=\"title\" id=\"set_title2_1\" data-origvalue=\"1\" aria-label=\"Search in title\" name=\"asp_gen[]\" checked=\"checked\"\/><div class=\"asp_option_checkbox\"><\/div><\/div><div class=\"asp_option_label\"> Search in title <\/div><\/div><div class=\"asp_option asp_option_generic asp_option_generic_content\" role=\"checkbox\" aria-checked=\"true\" tabindex=\"0\"><div class=\"asp_option_inner\"><input type=\"checkbox\" value=\"content\" id=\"set_content2_1\" data-origvalue=\"1\" aria-label=\"Search in content\" name=\"asp_gen[]\" checked=\"checked\"\/><div class=\"asp_option_checkbox\"><\/div><\/div><div class=\"asp_option_label\"> Search in content <\/div><\/div><div class=\"asp_option asp_option_generic asp_option_generic_excerpt\" role=\"checkbox\" aria-checked=\"true\" tabindex=\"0\"><div class=\"asp_option_inner\"><input type=\"checkbox\" value=\"excerpt\" id=\"set_excerpt2_1\" data-origvalue=\"1\" aria-label=\"Search in excerpt\" name=\"asp_gen[]\" checked=\"checked\"\/><div class=\"asp_option_checkbox\"><\/div><\/div><div class=\"asp_option_label\"> Search in excerpt <\/div><\/div><\/fieldset><div style=\"clear:both;\"><\/div><\/form><\/div><div class=\"wpdreams_clear\"><\/div><\/div>[\/vc_column_text][\/vc_column_inner][\/vc_row_inner][vc_row_inner css=&#8221;.vc_custom_1713554250837{margin-top: 40px !important;}&#8221; el_class=&#8221;viewDesktop&#8221;][vc_column_inner][vc_column_text css=&#8221;.vc_custom_1767624360912{padding-left: 45px !important;}&#8221;]<\/p>\n<h2 class=\"alingE\">Bi\u00eanio 2024\/2025<\/h2>\n<p>[\/vc_column_text][\/vc_column_inner][\/vc_row_inner][vc_row_inner css=&#8221;.vc_custom_1713554261328{margin-top: 40px !important;}&#8221; el_class=&#8221;viewMobile&#8221;][vc_column_inner][vc_column_text]<\/p>\n<h2 style=\"text-align: center;\">Bi\u00eanio 2024\/2025<\/h2>\n<p>[\/vc_column_text][\/vc_column_inner][\/vc_row_inner]<div class=\"boc_divider_holder\"><div class=\"boc_divider  \"  style=\"margin-top: 10px;margin-bottom: 20px;height: 2px;background: #9e0f0f;\"><\/div><\/div>[vc_row_inner gap=&#8221;25&#8243; css=&#8221;.vc_custom_1713557178260{padding-top: 40px !important;}&#8221;][vc_column_inner width=&#8221;1\/3&#8243;]\t<div class=\"team_block_content  \">\n\t\t\t\t\t<div class=\"pic\">\n\t\t\t\t\t\t\n\t\t\t\t\t\t<div class=\"team_image  \"><img loading=\"lazy\" decoding=\"async\" width=\"219\" height=\"217\" src=\"https:\/\/sbu-sp.org.br\/medicos\/wp-content\/uploads\/2024\/03\/wagner-matheus.jpg\" class=\"attachment-full size-full\" alt=\"\" srcset=\"https:\/\/sbu-sp.org.br\/medicos\/wp-content\/uploads\/2024\/03\/wagner-matheus.jpg 219w, https:\/\/sbu-sp.org.br\/medicos\/wp-content\/uploads\/2024\/03\/wagner-matheus-150x150.jpg 150w\" sizes=\"auto, (max-width: 219px) 100vw, 219px\" \/><\/div>\n\t\t\t\t\t\t\n\t\t\t\t\t\t\n\t\t\t\t\t\t\n\t\t\t\t\t\t<div class=\"team_block\">\n\t\t\t\t\t\t\t<h4>Wagner Eduardo Matheus<\/h4>\n\t\t\t\t\t\t\t<p class=\"team_desc\">Diretor-Presidente<\/p>\n\t\t\t\t\t\t\t<p class=\"team_text\"><\/p>\n\t\t\t\t\t\t\t<div class=\"team_icons\">\n\t\t\t\t\t\t\n\t\t\t\t\t\t\n\t\t\t\t\t\t\n\t\t\t\t\t\t\n\t\t\t\t\t\t\n\t\t\t\t\t\t\n\t\t\t\t\t\t\n\t\t\t\t\t\t\n\t\t\t\t\t\t\t<\/div>\n\t\t\t\t\t\t<\/div>\n\t\t\t\t\t<\/div>\n\t\t\t\t<\/div>\n\t\t\t<div class=\"boc_spacing \" style=\"height: 70px\"><\/div>[\/vc_column_inner][vc_column_inner width=&#8221;1\/3&#8243; css=&#8221;.vc_custom_1713557161227{margin-bottom: 40px !important;padding-top: 40px !important;padding-right: 40px !important;padding-bottom: 40px !important;padding-left: 40px !important;background-color: #e3e8f2 !important;border-radius: 30px !important;}&#8221;][vc_column_text css=&#8221;&#8221;]<span style=\"color: #000000;\"><strong>Vice-Presidente:<\/strong><\/span><br \/>\nCristiano Mendes Gomes<\/p>\n<p><span style=\"color: #000000;\"><strong>1\u00b0 Secret\u00e1rio:<\/strong><\/span><br \/>\nFelipe de Almeida Paula<\/p>\n<p><span style=\"color: #000000;\"><strong>2\u00b0 Secret\u00e1rio:<\/strong><\/span><br \/>\nAnt\u00f4nio C\u00f4rrea Lopes Neto<\/p>\n<p><span style=\"color: #000000;\"><strong>1\u00b0 Tesoureiro:<\/strong><\/span><br \/>\nLeonardo Seligra Lopes<\/p>\n<p><span style=\"color: #000000;\"><strong>2\u00b0 Tesoureiro:<\/strong><\/span><br \/>\nFernando Nestor Facio Junior<\/p>\n<p><span style=\"color: #000000;\"><strong>Delegados:<br \/>\n<\/strong><\/span>Adriano Fregonesi<br \/>\nLu\u00eds C\u00e9sar Zaccaro da Silva<br \/>\nFernando de Freitas Garcia Caldas<\/p>\n<p><span style=\"color: #000000;\"><strong>Delegados Suplentes:<br \/>\n<\/strong><\/span>Deusdedit Cort\u00eaz Vieira da Silva Neto<br \/>\nFabrizio Magaldi Messetti<br \/>\nLeopoldo Alves Ribeiro Filho<\/p>\n<p><span style=\"color: #000000;\"><strong>BIU<\/strong><\/span><\/p>\n<p>Editor-Chefe:<br \/>\nMarcelo Cabrini<\/p>\n<p><strong><span style=\"color: #000000;\">Conselheiro e Comiss\u00e3o Editorial:<\/span><br \/>\n<\/strong>Celso de Oliveira<strong><br \/>\n<\/strong><\/p>\n<p><span style=\"color: #000000;\"><strong>Comiss\u00e3o Editorial do BIU:<\/strong><\/span><br \/>\nVitor Bonadia Buonfiglio<br \/>\nLuiz Carlos Maciel<br \/>\nJos\u00e9 Henrique Dallacqua Santiago<br \/>\nMauro Bibancos de Rose[\/vc_column_text][\/vc_column_inner][vc_column_inner width=&#8221;1\/3&#8243; css=&#8221;.vc_custom_1713557168779{padding-top: 40px !important;padding-right: 40px !important;padding-bottom: 40px !important;padding-left: 40px !important;background-color: #e4f1f9 !important;border-radius: 25px !important;}&#8221;][vc_column_text css=&#8221;.vc_custom_1743085532570{padding-top: 0px !important;padding-right: 0px !important;padding-bottom: 0px !important;padding-left: 0px !important;}&#8221;]<span style=\"color: #1a0fac;\">Departamento de Comunica\u00e7\u00e3o<\/span><\/p>\n<p><em>Coordenador:<\/em><br \/>\nMaria Cl\u00e1udia Bicudo<\/p>\n<p><em>Home Page e SBU Pra Voc\u00ea:<\/em><br \/>\nLucas Seiti Takemura<\/p>\n<p><em>M\u00eddias Sociais:<\/em><br \/>\nIvan Borin Selegatto<\/p>\n<p><em>Podcasts:<\/em><br \/>\nFabrizio Magaldi Messetti<\/p>\n<p><em>Apoios Institucionais (eventos):<\/em><br \/>\nJos\u00e9 Henrique Dallacqua Santiago<\/p>\n<p><span style=\"color: #1a0fac;\">Departamento de Pesquisa Cient\u00edfica<\/span><\/p>\n<p><em>Coordenador:<\/em><br \/>\nRoberto Iglesias Lopes<\/p>\n<p><em>Vice:<\/em><br \/>\nRafael Ribeiro Zanotti<\/p>\n<p><em>Estudos multic\u00eantricos:<\/em><br \/>\nAlexandre Dib Partezani<\/p>\n<p><span style=\"color: #1a0fac;\">Departamento Sa\u00fade Digital e Inform\u00e1tica<\/span><br \/>\nCarlos Alberto Ricetto Sacomani<\/p>\n<p><em>Rela\u00e7\u00f5es Institucionais (APM) e Defesa Profissional:<\/em><br \/>\nGuilherme Andrade Peixoto<\/p>\n<p><em>Ligas Acad\u00eamicas:<\/em><br \/>\nDavi Voller Seishum Abe<\/p>\n<p><em>Resid\u00eancias M\u00e9dicas:<\/em><br \/>\nThiago Camelo Mour\u00e3o<\/p>\n<p><span style=\"color: #1a0fac;\">Departamento de Cirurgia Reconstrutiva<\/span><\/p>\n<p><em>Coordenador:<\/em><br \/>\nWagner Aparecido Fran\u00e7a<\/p>\n<p><em>Vice:<\/em><br \/>\nJ\u00falio Jos\u00e9 Geminiani<\/p>\n<p><span style=\"color: #1a0fac;\">Departamento Trauma e Urg\u00eancias Urol\u00f3gicas<\/span><\/p>\n<p><em>Coordenador:<\/em><br \/>\nMarcos Broglio<\/p>\n<p><span style=\"color: #1a0fac;\">Departamento de Uro-oncologia<\/span><\/p>\n<p><em>Coordenador:<\/em><br \/>\nRoberto Dias Machado<\/p>\n<p><em>Adrenal:<\/em><br \/>\nC\u00e1ssio Andreoni Ribeiro<\/p>\n<p><em>Tumor Urotelial Alto e Bexiga:<\/em><br \/>\nFernando Korkes<\/p>\n<p><em>Tumor de Pr\u00f3stata:<br \/>\n<\/em>Luis C\u00e9sar Zaccaro da Silva<\/p>\n<p><em>Tumores Renais:<\/em><br \/>\nMatheus Miranda Paiva<\/p>\n<p><em>Tumor Genitais (P\u00eanis, Test\u00edculos e Uretra):<\/em><br \/>\nJo\u00e3o Paulo Pretti Fantin<\/p>\n<p><span style=\"color: #1a0fac;\">Departamento de Lit\u00edase e Endourologia<\/span><\/p>\n<p><em>Coordenador:<\/em><br \/>\nFabio Carvalho Vicentini<\/p>\n<p><em>Vice:<\/em><br \/>\nRenato Nardi Pedro<\/p>\n<p><span style=\"color: #1a0fac;\">Departamento de Disfun\u00e7\u00f5es do Trato Urin\u00e1rio Inferior<\/span><\/p>\n<p><em>Coordenador:<\/em><br \/>\nMilton Skaff Junior<\/p>\n<p><em>Uroneuro:<\/em><br \/>\nCaio Cesar Cintra<\/p>\n<p><em>Uro Feminina:<\/em><br \/>\nAndr\u00e9 Luiz Farinhas Tom\u00e9<\/p>\n<p><em>HPB \/ LUTS:<\/em><br \/>\nAlberto Azoubel Antunes<\/p>\n<p><span style=\"color: #1a0fac;\">Departamento de Cirurgia Minimamente Invasiva<\/span><\/p>\n<p><em>Coordenador:<\/em><br \/>\nVictor Srougi<\/p>\n<p><em>Rob\u00f3tica:<\/em><br \/>\nRui Nogueira Barbosa<\/p>\n<p><em>Laparoscopia:<\/em><br \/>\nMatheus Neves Ribeiro da Silva<\/p>\n<p><span style=\"color: #1a0fac;\">Departamento de Uro Radiologia<\/span><\/p>\n<p><em>Coordenador:<\/em><br \/>\nPedro Ivo Calderon Ravizzini<\/p>\n<p><em>Vice:<\/em><br \/>\nJos\u00e9 Pontes J\u00fanior<\/p>\n<p><span style=\"color: #1a0fac;\">Departamento de Sa\u00fade Sexual e Reprodutiva<\/span><\/p>\n<p><em>Coordenador:<\/em><br \/>\nDaniel Suslik Zylbersztejn<\/p>\n<p><em>Sa\u00fade Sexual Masculina:<\/em><br \/>\nLeonardo Eiras Messina<\/p>\n<p><em>Infertilidade e Planejamento Familiar:<\/em><br \/>\nRafael Favero Ambar<\/p>\n<p><em>Diferencia\u00e7\u00e3o Sexual e Identidade de G\u00eanero:<\/em><br \/>\nOdair Gomes Paiva<\/p>\n<p><span style=\"color: #1a0fac;\">Departamento de Urologia Geral<\/span><\/p>\n<p><em>Coordenador:<\/em><br \/>\nZein Mohamed Sammour<\/p>\n<p><em>IST:<\/em><br \/>\nJulio Zonzini M\u00e1ximo de Carvalho<\/p>\n<p><em>Urogeriatria:<\/em><br \/>\nAntonio Carlos Silva Maychak<\/p>\n<p><em>Urologia Consult\u00f3rio:<\/em><br \/>\nCl\u00e1udio Hideki Toi<\/p>\n<p><span style=\"color: #1a0fac;\">Departamento de Uropediatria<\/span><\/p>\n<p><em>Coordenador:<\/em><br \/>\nMarcos Figueiredo Mello<\/p>\n<p><em>Vice:<\/em><br \/>\nCarlos Augusto Fernandes Molina<\/p>\n<p><span style=\"color: #1a0fac;\">Departamento de Transplante Renal<\/span><\/p>\n<p><em>Coordenador:<\/em><br \/>\nGuilherme Alonso Daud Patavino<\/p>\n<p><span style=\"color: #1a0fac;\">Departamento de V\u00eddeos\/ Videoteca<\/span><\/p>\n<p><em>Coordenador:<\/em><br \/>\nWilmar Azal Neto<\/p>\n<p><em>Vice-coordenador:<\/em><br \/>\nAlexandre Grieco[\/vc_column_text][\/vc_column_inner][\/vc_row_inner][\/vc_column][\/vc_row][vc_row][vc_column][vc_column_text el_class=&#8221;viewMobile&#8221;]<\/p>\n<h2 style=\"text-align: center;\"><a href=\"https:\/\/sbu-sp.org.br\/medicos\/historia\/diretorias-anteriores\">Veja as Diretorias Anteriores<\/a><\/h2>\n<p>[\/vc_column_text]<div class=\"boc_spacing \" style=\"height: 20px\"><\/div>[\/vc_column][\/vc_row]<\/p>\n<\/div>","protected":false},"excerpt":{"rendered":"<p>[vc_row full_width=&#8221;stretch_row_content&#8221; css=&#8221;.vc_custom_1713530445834{margin-bottom: -10px !important;background-position: center !important;background-repeat: no-repeat !important;background-size: cover !important;}&#8221;][vc_column css=&#8221;.vc_custom_1713530952098{padding-right: 40px !important;}&#8221;][vc_row_inner][vc_column_inner width=&#8221;3\/4&#8243; css=&#8221;.vc_custom_1713530597819{padding-left: 33px !important;}&#8221;][vc_column_text css=&#8221;&#8221; css_animation=&#8221;boc_animate_when_almost_visible boc_fade-in&#8221;][\/vc_column_text][vc_column_text css_animation=&#8221;boc_animate_when_almost_visible boc_fade-in&#8221; el_class=&#8221;position&#8221;][\/vc_column_text][\/vc_column_inner][vc_column_inner width=&#8221;1\/4&#8243;][vc_column_text css=&#8221;&#8221; css_animation=&#8221;boc_animate_when_almost_visible boc_fade-in&#8221;][\/vc_column_text][\/vc_column_inner][\/vc_row_inner][vc_row_inner css=&#8221;.vc_custom_1713554250837{margin-top: 40px !important;}&#8221; el_class=&#8221;viewDesktop&#8221;][vc_column_inner][vc_column_text css=&#8221;.vc_custom_1767624360912{padding-left: 45px !important;}&#8221;] Bi\u00eanio 2024\/2025 [\/vc_column_text][\/vc_column_inner][\/vc_row_inner][vc_row_inner css=&#8221;.vc_custom_1713554261328{margin-top: 40px !important;}&#8221; el_class=&#8221;viewMobile&#8221;][vc_column_inner][vc_column_text] Bi\u00eanio 2024\/2025 [\/vc_column_text][\/vc_column_inner][\/vc_row_inner][vc_row_inner gap=&#8221;25&#8243; css=&#8221;.vc_custom_1713557178260{padding-top: 40px !important;}&#8221;][vc_column_inner width=&#8221;1\/3&#8243;][\/vc_column_inner][vc_column_inner width=&#8221;1\/3&#8243; css=&#8221;.vc_custom_1713557161227{margin-bottom: 40px !important;padding-top: 40px !important;padding-right: 40px !important;padding-bottom: 40px !important;padding-left:<\/p>\n<div class=\"h10\"><\/div>\n<p><a class=\"more-link1\" href=\"https:\/\/sbu-sp.org.br\/medicos\/historia\/diretorias-anteriores\/diretoria-bienio-2024-2025\/\">Leia mais<\/a><\/p>\n","protected":false},"author":3,"featured_media":0,"parent":25539,"menu_order":0,"comment_status":"closed","ping_status":"closed","template":"","meta":{"footnotes":"","_links_to":"","_links_to_target":""},"class_list":["post-32725","page","type-page","status-publish","hentry"],"_links":{"self":[{"href":"https:\/\/sbu-sp.org.br\/medicos\/wp-json\/wp\/v2\/pages\/32725","targetHints":{"allow":["GET"]}}],"collection":[{"href":"https:\/\/sbu-sp.org.br\/medicos\/wp-json\/wp\/v2\/pages"}],"about":[{"href":"https:\/\/sbu-sp.org.br\/medicos\/wp-json\/wp\/v2\/types\/page"}],"author":[{"embeddable":true,"href":"https:\/\/sbu-sp.org.br\/medicos\/wp-json\/wp\/v2\/users\/3"}],"replies":[{"embeddable":true,"href":"https:\/\/sbu-sp.org.br\/medicos\/wp-json\/wp\/v2\/comments?post=32725"}],"version-history":[{"count":0,"href":"https:\/\/sbu-sp.org.br\/medicos\/wp-json\/wp\/v2\/pages\/32725\/revisions"}],"up":[{"embeddable":true,"href":"https:\/\/sbu-sp.org.br\/medicos\/wp-json\/wp\/v2\/pages\/25539"}],"wp:attachment":[{"href":"https:\/\/sbu-sp.org.br\/medicos\/wp-json\/wp\/v2\/media?parent=32725"}],"curies":[{"name":"wp","href":"https:\/\/api.w.org\/{rel}","templated":true}]}}