{"id":32837,"date":"2026-03-02T09:59:34","date_gmt":"2026-03-02T12:59:34","guid":{"rendered":"https:\/\/sbu-sp.org.br\/medicos\/?page_id=32837"},"modified":"2026-04-27T11:26:13","modified_gmt":"2026-04-27T14:26:13","slug":"estudos-clinicos","status":"publish","type":"page","link":"https:\/\/sbu-sp.org.br\/medicos\/projetos\/sbuhub\/estudos-clinicos\/","title":{"rendered":"Estudos Cl\u00ednicos"},"content":{"rendered":"<div class=\"wpb-content-wrapper\"><p>[vc_row full_width=&#8221;stretch_row_content&#8221; css=&#8221;.vc_custom_1713656253418{background-position: center !important;background-repeat: no-repeat !important;background-size: cover !important;}&#8221;][vc_column css=&#8221;.vc_custom_1713656248568{padding-left: 33px !important;}&#8221;][vc_row_inner][vc_column_inner width=&#8221;3\/4&#8243;]<div class=\"boc_spacing \" style=\"height: 13px\"><\/div>[vc_column_text css=&#8221;&#8221; css_animation=&#8221;boc_animate_when_almost_visible boc_fade-in&#8221;]<img decoding=\"async\" class=\"alignnone size-full wp-image-25959\" src=\"https:\/\/sbu-sp.org.br\/medicos\/wp-content\/uploads\/2026\/04\/cabecalho_sbuhub_3.png\" alt=\"SBU HUB\" width=\"919\" \/>[\/vc_column_text]<div class=\"boc_spacing \" style=\"height: 40px\"><\/div>[vc_column_text css=&#8221;&#8221; css_animation=&#8221;boc_animate_when_almost_visible boc_fade-in&#8221; el_class=&#8221;position&#8221;]<a class=\"zoom\" href=\"https:\/\/sbu-sp.org.br\/medicos\/sbulink\/\"><img decoding=\"async\" class=\"alignnone size-full wp-image-26680\" src=\"https:\/\/sbu-sp.org.br\/medicos\/wp-content\/uploads\/2024\/04\/btn_voltar.png\" alt=\"\" width=\"120\" srcset=\"https:\/\/sbu-sp.org.br\/medicos\/wp-content\/uploads\/2024\/04\/btn_voltar.png 396w, https:\/\/sbu-sp.org.br\/medicos\/wp-content\/uploads\/2024\/04\/btn_voltar-300x72.png 300w, https:\/\/sbu-sp.org.br\/medicos\/wp-content\/uploads\/2024\/04\/btn_voltar-391x95.png 391w\" sizes=\"(max-width: 396px) 100vw, 396px\" \/><\/a>[\/vc_column_text][\/vc_column_inner][vc_column_inner width=&#8221;1\/4&#8243;]<div class=\"boc_spacing \" style=\"height: 40px\"><\/div>[\/vc_column_inner][\/vc_row_inner][vc_row_inner css=&#8221;.vc_custom_1710183117202{margin-top: 40px !important;}&#8221;][vc_column_inner width=&#8221;5\/6&#8243;][vc_column_text css=&#8221;.vc_custom_1772472324562{padding-left: 45px !important;}&#8221;]<\/p>\n<h2>Preencha os dados abaixo<\/h2>\n<p>[\/vc_column_text]<div class=\"boc_divider_holder\"><div class=\"boc_divider  \"  style=\"margin-top: 20px;margin-bottom: 20px;height: 2px;background: #9e0f0f;\"><\/div><\/div>[vc_column_text css=&#8221;.vc_custom_1772808862817{padding-top: 40px !important;padding-right: 40px !important;padding-bottom: 40px !important;padding-left: 40px !important;background-color: #FFFFFF !important;}&#8221;]<strong>Pr\u00e9-requisitos:<\/strong><\/p>\n<ol>\n<li><strong>Anexar aprova\u00e7\u00e3o do CEP<\/strong><\/li>\n<li><strong>Aceitar termo de consentimento: <\/strong>A SBU n\u00e3o tem responsabilidades sobre a execu\u00e7\u00e3o dos projetos. Atua somente como uma mediadora, conectando os pesquisadores.<\/li>\n<li><strong>Pesquisador principal deve ser membro da SBU.<\/strong><\/li>\n<\/ol>\n<p>[\/vc_column_text][vc_column_text css=&#8221;.vc_custom_1772472476401{margin-top: -30px !important;padding-top: 40px !important;padding-right: 40px !important;padding-bottom: 40px !important;padding-left: 40px !important;}&#8221;]\n<div class=\"wpcf7 no-js\" id=\"wpcf7-f32836-o1\" lang=\"pt-BR\" dir=\"ltr\" data-wpcf7-id=\"32836\">\n<div class=\"screen-reader-response\"><p role=\"status\" aria-live=\"polite\" aria-atomic=\"true\"><\/p> <ul><\/ul><\/div>\n<form action=\"\/medicos\/wp-json\/wp\/v2\/pages\/32837#wpcf7-f32836-o1\" method=\"post\" class=\"wpcf7-form init\" aria-label=\"Formul\u00e1rios de contato\" enctype=\"multipart\/form-data\" novalidate=\"novalidate\" data-status=\"init\">\n<fieldset class=\"hidden-fields-container\"><input type=\"hidden\" name=\"_wpcf7\" value=\"32836\" \/><input type=\"hidden\" name=\"_wpcf7_version\" value=\"6.1.5\" \/><input type=\"hidden\" name=\"_wpcf7_locale\" value=\"pt_BR\" \/><input type=\"hidden\" name=\"_wpcf7_unit_tag\" value=\"wpcf7-f32836-o1\" \/><input type=\"hidden\" name=\"_wpcf7_container_post\" value=\"0\" \/><input type=\"hidden\" name=\"_wpcf7_posted_data_hash\" value=\"\" \/>\n<\/fieldset>\n<h3>Digite os dados abaixo:\n<\/h3>\n<p><span class=\"wpcf7-form-control-wrap\" data-name=\"select-55\"><select class=\"wpcf7-form-control wpcf7-select wpcf7-validates-as-required\" aria-required=\"true\" aria-invalid=\"false\" name=\"select-55\"><option value=\"\">1. Tema do estudo*<\/option><option value=\"Oncologia\">Oncologia<\/option><option value=\"Disfun\u00e7\u00e3o urin\u00e1ria\">Disfun\u00e7\u00e3o urin\u00e1ria<\/option><option value=\"Andrologia\">Andrologia<\/option><option value=\"Lit\u00edase\">Lit\u00edase<\/option><option value=\"DST\">DST<\/option><option value=\"Uropediatria\">Uropediatria<\/option><option value=\"Trauma e urg\u00eancia\">Trauma e urg\u00eancia<\/option><option value=\"Doen\u00e7as benignas\">Doen\u00e7as benignas<\/option><option value=\"Cirurgia reconstrutiva\">Cirurgia reconstrutiva<\/option><\/select><\/span>\n<\/p>\n<p><span class=\"wpcf7-form-control-wrap\" data-name=\"text-916\"><input size=\"40\" maxlength=\"400\" class=\"wpcf7-form-control wpcf7-text wpcf7-validates-as-required\" aria-required=\"true\" aria-invalid=\"false\" placeholder=\"2. T\u00edtulo do estudo*\" value=\"\" type=\"text\" name=\"text-916\" \/><\/span>\n<\/p>\n<p><span class=\"wpcf7-form-control-wrap\" data-name=\"textarea-787\"><textarea cols=\"40\" rows=\"10\" maxlength=\"2000\" class=\"wpcf7-form-control wpcf7-textarea wpcf7-validates-as-required\" aria-required=\"true\" aria-invalid=\"false\" placeholder=\"3. Pergunta do estudo *\" name=\"textarea-787\"><\/textarea><\/span>\n<\/p>\n<p><span class=\"wpcf7-form-control-wrap\" data-name=\"textarea-36\"><textarea cols=\"40\" rows=\"10\" maxlength=\"2000\" class=\"wpcf7-form-control wpcf7-textarea wpcf7-validates-as-required\" aria-required=\"true\" aria-invalid=\"false\" placeholder=\"4. Objetivo *\" name=\"textarea-36\"><\/textarea><\/span>\n<\/p>\n<p><span class=\"wpcf7-form-control-wrap\" data-name=\"textarea-129\"><textarea cols=\"40\" rows=\"10\" maxlength=\"2000\" class=\"wpcf7-form-control wpcf7-textarea wpcf7-validates-as-required\" aria-required=\"true\" aria-invalid=\"false\" placeholder=\"5. M\u00e9todo *\" name=\"textarea-129\"><\/textarea><\/span>\n<\/p>\n<p><span class=\"wpcf7-form-control-wrap\" data-name=\"textarea-828\"><textarea cols=\"40\" rows=\"10\" maxlength=\"2000\" class=\"wpcf7-form-control wpcf7-textarea wpcf7-validates-as-required\" aria-required=\"true\" aria-invalid=\"false\" placeholder=\"6. Desfechos *\" name=\"textarea-828\"><\/textarea><\/span>\n<\/p>\n<p><span class=\"wpcf7-form-control-wrap\" data-name=\"textarea-593\"><textarea cols=\"40\" rows=\"10\" maxlength=\"2000\" class=\"wpcf7-form-control wpcf7-textarea wpcf7-validates-as-required\" aria-required=\"true\" aria-invalid=\"false\" placeholder=\"7. Inclus\u00e3o *\" name=\"textarea-593\"><\/textarea><\/span>\n<\/p>\n<p><span class=\"wpcf7-form-control-wrap\" data-name=\"textarea-801\"><textarea cols=\"40\" rows=\"10\" maxlength=\"2000\" class=\"wpcf7-form-control wpcf7-textarea wpcf7-validates-as-required\" aria-required=\"true\" aria-invalid=\"false\" placeholder=\"8. Exclus\u00e3o *\" name=\"textarea-801\"><\/textarea><\/span>\n<\/p>\n<p><span class=\"wpcf7-form-control-wrap\" data-name=\"nome\"><input size=\"40\" maxlength=\"400\" class=\"wpcf7-form-control wpcf7-text wpcf7-validates-as-required\" aria-required=\"true\" aria-invalid=\"false\" placeholder=\"9.\tInstitui\u00e7\u00e3o proponente *\" value=\"\" type=\"text\" name=\"nome\" \/><\/span>\n<\/p>\n<p><span class=\"wpcf7-form-control-wrap\" data-name=\"text-174\"><input size=\"40\" maxlength=\"400\" class=\"wpcf7-form-control wpcf7-text wpcf7-validates-as-required\" aria-required=\"true\" aria-invalid=\"false\" placeholder=\"10. Onde os pacientes ser\u00e3o seguidos *\" value=\"\" type=\"text\" name=\"text-174\" \/><\/span>\n<\/p>\n<p><span class=\"wpcf7-form-control-wrap\" data-name=\"textarea-888\"><textarea cols=\"40\" rows=\"10\" maxlength=\"2000\" class=\"wpcf7-form-control wpcf7-textarea wpcf7-validates-as-required\" aria-required=\"true\" aria-invalid=\"false\" placeholder=\"11. Crit\u00e9rios para inclus\u00e3o como autor *\" name=\"textarea-888\"><\/textarea><\/span>\n<\/p>\n<p><span class=\"wpcf7-form-control-wrap\" data-name=\"text-630\"><input size=\"40\" maxlength=\"400\" class=\"wpcf7-form-control wpcf7-text wpcf7-validates-as-required\" aria-required=\"true\" aria-invalid=\"false\" placeholder=\"12. Pesquisador (s) respons\u00e1vel (s) *\" value=\"\" type=\"text\" name=\"text-630\" \/><\/span>\n<\/p>\n<p><span class=\"wpcf7-form-control-wrap\" data-name=\"email-990\"><input size=\"40\" maxlength=\"400\" class=\"wpcf7-form-control wpcf7-email wpcf7-validates-as-required wpcf7-text wpcf7-validates-as-email\" aria-required=\"true\" aria-invalid=\"false\" placeholder=\"13. E-mail de contato para participar *\" value=\"\" type=\"email\" name=\"email-990\" \/><\/span>\n<\/p>\n<p><span class=\"wpcf7-form-control-wrap\" data-name=\"your-phone\"><input size=\"40\" maxlength=\"400\" class=\"wpcf7-form-control wpcf7-tel wpcf7-validates-as-required wpcf7-text wpcf7-validates-as-tel phone\" aria-required=\"true\" aria-invalid=\"false\" placeholder=\"14. Telefone para contato *\" value=\"\" type=\"tel\" name=\"your-phone\" \/><\/span>\n<\/p>\n<hr \/>\n<h3> Anexos (em PDF)\n<\/h3>\n<p><strong>15. Anexe a aprova\u00e7\u00e3o do CEP:<\/strong>\n<\/p>\n<p><span class=\"wpcf7-form-control-wrap\" data-name=\"file-877\"><input size=\"40\" class=\"wpcf7-form-control wpcf7-file wpcf7-validates-as-required\" accept=\".pdf\" aria-required=\"true\" aria-invalid=\"false\" type=\"file\" name=\"file-877\" \/><\/span>\n<\/p>\n<hr \/>\n<h3>Termo de Responsabilidade\n<\/h3>\n<p><span class=\"wpcf7-form-control-wrap\" data-name=\"acceptance-141\"><span class=\"wpcf7-form-control wpcf7-acceptance\"><span class=\"wpcf7-list-item\"><label><input type=\"checkbox\" name=\"acceptance-141\" value=\"1\" aria-invalid=\"false\" \/><span class=\"wpcf7-list-item-label\">Declaro que sou integralmente respons\u00e1vel pela concep\u00e7\u00e3o, condu\u00e7\u00e3o e execu\u00e7\u00e3o do estudo apresentado. Reconhe\u00e7o que a Sociedade Brasileira de Urologia (SBU) n\u00e3o possui qualquer v\u00ednculo com o desenvolvimento do projeto, atuando exclusivamente como mediadora na conex\u00e3o entre pesquisadores interessados.<\/span><\/label><\/span><\/span><\/span>\n<\/p>\n<div class=\"h10\">\n<\/div>\n<p><input type=\"hidden\" name=\"_wpcf7_captcha_challenge_captcha-887\" value=\"2574300392\" \/><img loading=\"lazy\" decoding=\"async\" class=\"wpcf7-form-control wpcf7-captchac wpcf7-captcha-captcha-887\" width=\"72\" height=\"24\" alt=\"captcha\" src=\"https:\/\/sbu-sp.org.br\/medicos\/wp-content\/uploads\/wpcf7_captcha\/2574300392.png\" \/>\n<\/p>\n<p><span class=\"wpcf7-form-control-wrap\" data-name=\"captcha-887\"><input size=\"4\" maxlength=\"4\" class=\"wpcf7-form-control wpcf7-captchar captcha_input\" autocomplete=\"off\" aria-invalid=\"false\" placeholder=\"Digite o Captcha\" value=\"\" type=\"text\" name=\"captcha-887\" \/><\/span>\n<\/p>\n<div class=\"h20\">\n<\/div>\n<p><input class=\"wpcf7-form-control wpcf7-submit has-spinner btn_theme_color btn_rounded\" type=\"submit\" value=\"Enviar\" \/>\n<\/p><p style=\"display: none !important;\" class=\"akismet-fields-container\" data-prefix=\"_wpcf7_ak_\"><label>&#916;<textarea name=\"_wpcf7_ak_hp_textarea\" cols=\"45\" rows=\"8\" maxlength=\"100\"><\/textarea><\/label><input type=\"hidden\" id=\"ak_js_1\" name=\"_wpcf7_ak_js\" value=\"38\"\/><script type=\"text\/javascript\">\n\/* <![CDATA[ *\/\ndocument.getElementById( \"ak_js_1\" ).setAttribute( \"value\", ( new Date() ).getTime() );\n\/* ]]> *\/\n<\/script>\n<\/p><div class=\"wpcf7-response-output\" aria-hidden=\"true\"><\/div>\n<\/form>\n<\/div>\n[\/vc_column_text]<div class=\"boc_spacing \" style=\"height: 40px\"><\/div>[\/vc_column_inner][vc_column_inner width=&#8221;1\/6&#8243;][\/vc_column_inner][\/vc_row_inner][\/vc_column][\/vc_row]<\/p>\n<\/div>","protected":false},"excerpt":{"rendered":"<p>[vc_row full_width=&#8221;stretch_row_content&#8221; css=&#8221;.vc_custom_1713656253418{background-position: center !important;background-repeat: no-repeat !important;background-size: cover !important;}&#8221;][vc_column css=&#8221;.vc_custom_1713656248568{padding-left: 33px !important;}&#8221;][vc_row_inner][vc_column_inner width=&#8221;3\/4&#8243;][vc_column_text css=&#8221;&#8221; css_animation=&#8221;boc_animate_when_almost_visible boc_fade-in&#8221;][\/vc_column_text][vc_column_text css=&#8221;&#8221; css_animation=&#8221;boc_animate_when_almost_visible boc_fade-in&#8221; el_class=&#8221;position&#8221;][\/vc_column_text][\/vc_column_inner][vc_column_inner width=&#8221;1\/4&#8243;][\/vc_column_inner][\/vc_row_inner][vc_row_inner css=&#8221;.vc_custom_1710183117202{margin-top: 40px !important;}&#8221;][vc_column_inner width=&#8221;5\/6&#8243;][vc_column_text css=&#8221;.vc_custom_1772472324562{padding-left: 45px !important;}&#8221;] Preencha os dados abaixo [\/vc_column_text][vc_column_text css=&#8221;.vc_custom_1772808862817{padding-top: 40px !important;padding-right: 40px !important;padding-bottom: 40px !important;padding-left: 40px !important;background-color: #FFFFFF !important;}&#8221;]Pr\u00e9-requisitos: Anexar aprova\u00e7\u00e3o do CEP Aceitar termo de consentimento: A SBU n\u00e3o tem responsabilidades sobre a execu\u00e7\u00e3o<\/p>\n<div class=\"h10\"><\/div>\n<p><a class=\"more-link1\" href=\"https:\/\/sbu-sp.org.br\/medicos\/projetos\/sbuhub\/estudos-clinicos\/\">Leia mais<\/a><\/p>\n","protected":false},"author":3,"featured_media":0,"parent":32854,"menu_order":0,"comment_status":"closed","ping_status":"closed","template":"","meta":{"footnotes":"","_links_to":"","_links_to_target":""},"class_list":["post-32837","page","type-page","status-publish","hentry"],"_links":{"self":[{"href":"https:\/\/sbu-sp.org.br\/medicos\/wp-json\/wp\/v2\/pages\/32837","targetHints":{"allow":["GET"]}}],"collection":[{"href":"https:\/\/sbu-sp.org.br\/medicos\/wp-json\/wp\/v2\/pages"}],"about":[{"href":"https:\/\/sbu-sp.org.br\/medicos\/wp-json\/wp\/v2\/types\/page"}],"author":[{"embeddable":true,"href":"https:\/\/sbu-sp.org.br\/medicos\/wp-json\/wp\/v2\/users\/3"}],"replies":[{"embeddable":true,"href":"https:\/\/sbu-sp.org.br\/medicos\/wp-json\/wp\/v2\/comments?post=32837"}],"version-history":[{"count":2,"href":"https:\/\/sbu-sp.org.br\/medicos\/wp-json\/wp\/v2\/pages\/32837\/revisions"}],"predecessor-version":[{"id":33239,"href":"https:\/\/sbu-sp.org.br\/medicos\/wp-json\/wp\/v2\/pages\/32837\/revisions\/33239"}],"up":[{"embeddable":true,"href":"https:\/\/sbu-sp.org.br\/medicos\/wp-json\/wp\/v2\/pages\/32854"}],"wp:attachment":[{"href":"https:\/\/sbu-sp.org.br\/medicos\/wp-json\/wp\/v2\/media?parent=32837"}],"curies":[{"name":"wp","href":"https:\/\/api.w.org\/{rel}","templated":true}]}}