{"id":4709,"date":"2016-02-07T13:49:17","date_gmt":"2016-02-07T13:49:17","guid":{"rendered":"http:\/\/sbu-sp-aprov.tempsite.ws\/?page_id=4709"},"modified":"2020-01-23T14:43:58","modified_gmt":"2020-01-23T17:43:58","slug":"contato","status":"publish","type":"page","link":"https:\/\/sbu-sp.org.br\/publico\/contato\/","title":{"rendered":"Contato"},"content":{"rendered":"<p>Este formul\u00e1rio \u00e9 destinado apenas para o contato entre os profissionais de sa\u00fade e a Sociedade Brasileira de Urologia &#8211; Sec\u00e7\u00e3o S\u00e3o Paulo. Qualquer a\u00e7\u00e3o diferente dessa, ser\u00e1 desconsiderada sem aviso.<\/p>\n<hr \/>\n<p>&nbsp;<\/p>\n\n<div class=\"wpcf7 no-js\" id=\"wpcf7-f5239-o1\" lang=\"en-US\" dir=\"ltr\" data-wpcf7-id=\"5239\">\n<div class=\"screen-reader-response\"><p role=\"status\" aria-live=\"polite\" aria-atomic=\"true\"><\/p> <ul><\/ul><\/div>\n<form action=\"\/publico\/wp-json\/wp\/v2\/pages\/4709#wpcf7-f5239-o1\" method=\"post\" class=\"wpcf7-form init\" aria-label=\"Contact form\" novalidate=\"novalidate\" data-status=\"init\">\n<fieldset class=\"hidden-fields-container\"><input type=\"hidden\" name=\"_wpcf7\" value=\"5239\" \/><input type=\"hidden\" name=\"_wpcf7_version\" value=\"6.1.5\" \/><input type=\"hidden\" name=\"_wpcf7_locale\" value=\"en_US\" \/><input type=\"hidden\" name=\"_wpcf7_unit_tag\" value=\"wpcf7-f5239-o1\" \/><input type=\"hidden\" name=\"_wpcf7_container_post\" value=\"0\" \/><input type=\"hidden\" name=\"_wpcf7_posted_data_hash\" value=\"\" \/><input type=\"hidden\" name=\"_wpcf7_recaptcha_response\" value=\"\" \/>\n<\/fieldset>\n<p>Nome (obrigat\u00f3rio)\n<\/p>\n<p><span class=\"wpcf7-form-control-wrap\" data-name=\"your-name\"><input size=\"40\" maxlength=\"400\" class=\"wpcf7-form-control wpcf7-text wpcf7-validates-as-required\" aria-required=\"true\" aria-invalid=\"false\" value=\"\" type=\"text\" name=\"your-name\" \/><\/span>\n<\/p>\n<p>E-mail (obrigat\u00f3rio)\n<\/p>\n<p><span class=\"wpcf7-form-control-wrap\" data-name=\"your-email\"><input size=\"40\" maxlength=\"400\" class=\"wpcf7-form-control wpcf7-email wpcf7-validates-as-required wpcf7-text wpcf7-validates-as-email\" aria-required=\"true\" aria-invalid=\"false\" value=\"\" type=\"email\" name=\"your-email\" \/><\/span>\n<\/p>\n<p>Assunto\n<\/p>\n<p><span class=\"wpcf7-form-control-wrap\" data-name=\"your-subject\"><input size=\"40\" maxlength=\"400\" class=\"wpcf7-form-control wpcf7-text\" aria-invalid=\"false\" value=\"\" type=\"text\" name=\"your-subject\" \/><\/span>\n<\/p>\n<p>Mensagem\n<\/p>\n<p><span class=\"wpcf7-form-control-wrap\" data-name=\"your-message\"><textarea cols=\"40\" rows=\"10\" maxlength=\"2000\" class=\"wpcf7-form-control wpcf7-textarea\" aria-invalid=\"false\" name=\"your-message\"><\/textarea><\/span>\n<\/p>\n<p>\n\n<\/p>\n<p><input class=\"wpcf7-form-control wpcf7-submit has-spinner\" type=\"submit\" value=\"Enviar\" \/>\n<\/p><p style=\"display: none !important;\" class=\"akismet-fields-container\" data-prefix=\"_wpcf7_ak_\"><label>&#916;<textarea name=\"_wpcf7_ak_hp_textarea\" cols=\"45\" rows=\"8\" maxlength=\"100\"><\/textarea><\/label><input type=\"hidden\" id=\"ak_js_1\" name=\"_wpcf7_ak_js\" value=\"124\"\/><script>document.getElementById( \"ak_js_1\" ).setAttribute( \"value\", ( new Date() ).getTime() );<\/script><\/p><div class=\"wpcf7-response-output\" aria-hidden=\"true\"><\/div>\n<\/form>\n<\/div>\n\n<p>&nbsp;<\/p>\n<h3>Onde Estamos?<\/h3>\n<p><iframe loading=\"lazy\" style=\"border: 0;\" src=\"https:\/\/www.google.com\/maps\/embed?pb=!1m14!1m8!1m3!1d3656.5490085364595!2d-46.68126!3d-23.584635699999996!3m2!1i1024!2i768!4f13.1!3m3!1m2!1s0x94ce574294d64b09%3A0x1e1b304f255be4fa!2sR.+Tabapu%C3%A3%2C+1123+-+Itaim+Bibi!5e0!3m2!1spt-BR!2s!4v1403888613424\" width=\"100%\" height=\"320\" frameborder=\"0\"><\/iframe><\/p>\n<p><strong>Rua Tabapu\u00e3, 1123 &#8211; Conjunto 101 &#8211; Itaim Bibi<\/strong><br \/>\nCEP 04533-014 &#8211; S\u00e3o Paulo &#8211; SP<br \/>\nTelefone de contato: 11 3168-4229<br \/>\nE-mail: sbu.sp@uol.com.br<\/p>\n","protected":false},"excerpt":{"rendered":"<p>Este formul\u00e1rio \u00e9 destinado apenas para o contato entre os profissionais de sa\u00fade e a Sociedade Brasileira de Urologia &#8211; Sec\u00e7\u00e3o S\u00e3o Paulo. Qualquer a\u00e7\u00e3o diferente dessa, ser\u00e1 desconsiderada sem aviso. &nbsp; &nbsp; Onde Estamos? Rua Tabapu\u00e3, 1123 &#8211; Conjunto 101 &#8211; Itaim Bibi CEP 04533-014 &#8211; S\u00e3o Paulo &#8211; SP Telefone de contato: 11 [&hellip;]<\/p>\n","protected":false},"author":11,"featured_media":0,"parent":0,"menu_order":0,"comment_status":"closed","ping_status":"closed","template":"","meta":{"footnotes":""},"class_list":["post-4709","page","type-page","status-publish","hentry"],"_links":{"self":[{"href":"https:\/\/sbu-sp.org.br\/publico\/wp-json\/wp\/v2\/pages\/4709","targetHints":{"allow":["GET"]}}],"collection":[{"href":"https:\/\/sbu-sp.org.br\/publico\/wp-json\/wp\/v2\/pages"}],"about":[{"href":"https:\/\/sbu-sp.org.br\/publico\/wp-json\/wp\/v2\/types\/page"}],"author":[{"embeddable":true,"href":"https:\/\/sbu-sp.org.br\/publico\/wp-json\/wp\/v2\/users\/11"}],"replies":[{"embeddable":true,"href":"https:\/\/sbu-sp.org.br\/publico\/wp-json\/wp\/v2\/comments?post=4709"}],"version-history":[{"count":7,"href":"https:\/\/sbu-sp.org.br\/publico\/wp-json\/wp\/v2\/pages\/4709\/revisions"}],"predecessor-version":[{"id":17574,"href":"https:\/\/sbu-sp.org.br\/publico\/wp-json\/wp\/v2\/pages\/4709\/revisions\/17574"}],"wp:attachment":[{"href":"https:\/\/sbu-sp.org.br\/publico\/wp-json\/wp\/v2\/media?parent=4709"}],"curies":[{"name":"wp","href":"https:\/\/api.w.org\/{rel}","templated":true}]}}